{"id":1392,"date":"2017-06-19T13:03:20","date_gmt":"2017-06-19T11:03:20","guid":{"rendered":"http:\/\/ep-equipment.eu\/products\/"},"modified":"2019-10-09T11:28:47","modified_gmt":"2019-10-09T09:28:47","slug":"produkte","status":"publish","type":"page","link":"https:\/\/ep-components.com\/de\/produkte\/","title":{"rendered":"Produkte"},"content":{"rendered":"<div id='layer_slider_1' class='avia-layerslider main_color avia-shadow  container_wrap sidebar_right'    style='height: 401px;' ><\/div>\n<\/div><\/div><\/div><!-- close content main div --><\/div><\/div><div id='av_section_1' class='avia-section main_color avia-section-small avia-no-border-styling avia-bg-style-scroll   container_wrap sidebar_right'   ><div class='container' ><div class='template-page content  av-content-small alpha units'><div class='post-entry post-entry-type-page post-entry-1392'><div class='entry-content-wrapper clearfix'>\n<section class=\"av_textblock_section \"  itemscope=\"itemscope\" itemtype=\"https:\/\/schema.org\/CreativeWork\" ><div class='avia_textblock  '   itemprop=\"text\" ><p style=\"text-align: center;\">Als Vollsortiment Anbieter produziert EP Equipment Hochhubwagen, Niederhubwagen, Gegengewichtstapler, sowie Kommissionierger\u00e4te und Schubmaststabler.<\/p>\n<p style=\"text-align: center;\">Egal ob Sie nach Fahrzeugen f\u00fcr den leichten Einsatz mit einem optimalen Preis-Leistungsverh\u00e4ltnis suchen oder nach Ger\u00e4ten f\u00fcr den 2- Schicht \/ 3 Schicht Einsatz suchen, EP Equipment hat \u00fcber 20 Jahre Erfahrung in der Produktion und dem Vertrieb von Flurf\u00f6rdertechnik auf der ganzen Welt.<br \/>\nWir finden das richtige Fahrzeug f\u00fcr Ihren individuellen Einsatz.<br \/>\nFinden Sie mehr heraus \u00fcber unsere Fahrzeuge und kontaktieren Sie uns bei allen weiterf\u00fchrenden Fragen.<\/p>\n<\/div><\/section>\n<section class=\"av_textblock_section \"  itemscope=\"itemscope\" itemtype=\"https:\/\/schema.org\/CreativeWork\" ><div class='avia_textblock  '   itemprop=\"text\" ><p style=\"text-align: center;\"><span class=\"pdf-icon av_font_icon avia_animate_when_visible av-icon-style-  av-no-color avia-icon-pos-left  avia_start_animation avia_start_delayed_animation\" style=\"\"><span class=\"av-icon-char\" style=\"font-size:20px;line-height:20px;\" aria-hidden=\"true\" data-av_icon=\"\uf1c1\" data-av_iconfont=\"software\"><\/span><\/span>\u00a0Invalid download ID.<\/p>\n<\/div><\/section>\n<\/div><\/div><\/div><!-- close content main div --><\/div><\/div><div id='after_section_1' class='main_color av_default_container_wrap container_wrap sidebar_right'   ><div class='container' ><div class='template-page content  av-content-small alpha units'><div class='post-entry post-entry-type-page post-entry-1392'><div class='entry-content-wrapper clearfix'>\n<\/div><\/div><\/div><!-- close content main div --><\/div><\/div><div id='av_section_2' class='avia-section main_color avia-section-no-padding avia-no-border-styling avia-bg-style-scroll   container_wrap sidebar_right'   ><div class='container' ><div class='template-page content  av-content-small alpha units'><div class='post-entry post-entry-type-page post-entry-1392'><div class='entry-content-wrapper clearfix'>\n<div class='flex_column_table av-equal-height-column-flextable -flextable' ><div class=\"flex_column av_one_third  no_margin flex_column_table_cell av-equal-height-column av-align-top first  \" style='padding:20px; background-color:#e2e2e2; border-radius:0px; '><p><div style='padding-bottom:10px;font-size:30px;' class='av-special-heading av-special-heading-h3  blockquote modern-quote  av-inherit-size '><h3 class='av-special-heading-tag '  itemprop=\"headline\"  ><img class=\"menu-img\" src=\"\/wp-content\/uploads\/sites\/4\/2017\/06\/menu-img-pallet-trucks.png\" \/>Niederhubwagen<\/h3><div class='special-heading-border'><div class='special-heading-inner-border' ><\/div><\/div><\/div><br \/>\n<section class=\"av_textblock_section \"  itemscope=\"itemscope\" itemtype=\"https:\/\/schema.org\/CreativeWork\" ><div class='avia_textblock  '   itemprop=\"text\" ><ul><\/ul>\n<\/div><\/section><\/p><\/div><\/div><!--close column table wrapper. Autoclose: 1 --><div class='flex_column_table av-equal-height-column-flextable -flextable' ><div class=\"flex_column av_one_third  no_margin flex_column_table_cell av-equal-height-column av-align-top   \" style='padding:20px; border-radius:0px; '><p><div style='padding-bottom:10px;font-size:30px;' class='av-special-heading av-special-heading-h3  blockquote modern-quote  av-inherit-size '><h3 class='av-special-heading-tag '  itemprop=\"headline\"  ><img class=\"menu-img\" src=\"\/wp-content\/uploads\/sites\/4\/2017\/06\/menu-img-stacker.png\" \/>Hochhubwagen<\/h3><div class='special-heading-border'><div class='special-heading-inner-border' ><\/div><\/div><\/div><br \/>\n<section class=\"av_textblock_section \"  itemscope=\"itemscope\" itemtype=\"https:\/\/schema.org\/CreativeWork\" ><div class='avia_textblock  '   itemprop=\"text\" ><ul><\/ul>\n<\/div><\/section><\/p><\/div><\/div><!--close column table wrapper. Autoclose: 1 --><div class='flex_column_table av-equal-height-column-flextable -flextable' ><div class=\"flex_column av_one_third  no_margin flex_column_table_cell av-equal-height-column av-align-top   \" style='padding:20px; background-color:#e2e2e2; border-radius:0px; '><p><div style='padding-bottom:10px;font-size:30px;' class='av-special-heading av-special-heading-h3  blockquote modern-quote  av-inherit-size '><h3 class='av-special-heading-tag '  itemprop=\"headline\"  ><img class=\"menu-img\" src=\"\/wp-content\/uploads\/sites\/4\/2017\/06\/menu-img-order-picker.png\" \/>Kommisionierer<\/h3><div class='special-heading-border'><div class='special-heading-inner-border' ><\/div><\/div><\/div><br \/>\n<section class=\"av_textblock_section \"  itemscope=\"itemscope\" itemtype=\"https:\/\/schema.org\/CreativeWork\" ><div class='avia_textblock  '   itemprop=\"text\" ><ul><\/ul>\n<\/div><\/section><\/p><\/div><\/div><!--close column table wrapper. Autoclose: 1 --><div style='height:50px' class='hr hr-invisible  '><span class='hr-inner ' ><span class='hr-inner-style'><\/span><\/span><\/div>\n<\/div><\/div><\/div><!-- close content main div --><\/div><\/div><div id='after_section_2' class='main_color av_default_container_wrap container_wrap sidebar_right'   ><div class='container' ><div class='template-page content  av-content-small alpha units'><div class='post-entry post-entry-type-page post-entry-1392'><div class='entry-content-wrapper clearfix'>\n","protected":false},"excerpt":{"rendered":"","protected":false},"author":1,"featured_media":0,"parent":0,"menu_order":177,"comment_status":"closed","ping_status":"closed","template":"","meta":[],"_links":{"self":[{"href":"https:\/\/ep-components.com\/de\/wp-json\/wp\/v2\/pages\/1392"}],"collection":[{"href":"https:\/\/ep-components.com\/de\/wp-json\/wp\/v2\/pages"}],"about":[{"href":"https:\/\/ep-components.com\/de\/wp-json\/wp\/v2\/types\/page"}],"author":[{"embeddable":true,"href":"https:\/\/ep-components.com\/de\/wp-json\/wp\/v2\/users\/1"}],"replies":[{"embeddable":true,"href":"https:\/\/ep-components.com\/de\/wp-json\/wp\/v2\/comments?post=1392"}],"version-history":[{"count":8,"href":"https:\/\/ep-components.com\/de\/wp-json\/wp\/v2\/pages\/1392\/revisions"}],"predecessor-version":[{"id":9494,"href":"https:\/\/ep-components.com\/de\/wp-json\/wp\/v2\/pages\/1392\/revisions\/9494"}],"wp:attachment":[{"href":"https:\/\/ep-components.com\/de\/wp-json\/wp\/v2\/media?parent=1392"}],"curies":[{"name":"wp","href":"https:\/\/api.w.org\/{rel}","templated":true}]}}