{"id":1407,"date":"2017-07-25T14:54:30","date_gmt":"2017-07-25T12:54:30","guid":{"rendered":"http:\/\/ep-equipment.eu\/?page_id=1407\/"},"modified":"2017-10-23T16:51:02","modified_gmt":"2017-10-23T14:51:02","slug":"unternehmen","status":"publish","type":"page","link":"https:\/\/ep-components.com\/de\/unternehmen\/","title":{"rendered":"Unternehmen"},"content":{"rendered":"<div id='layer_slider_1' class='avia-layerslider main_color avia-shadow  container_wrap sidebar_right'    style='height: 401px;' ><\/div>\n<\/div><\/div><\/div><!-- close content main div --><\/div><\/div><div id='iconboxes' class='avia-section main_color avia-section-default avia-no-border-styling avia-bg-style-scroll   container_wrap sidebar_right'   ><div class='container' ><div class='template-page content  av-content-small alpha units'><div class='post-entry post-entry-type-page post-entry-1407'><div class='entry-content-wrapper clearfix'>\n<div class='flex_column_table av-equal-height-column-flextable -flextable' ><div class=\"flex_column av_one_fourth  flex_column_table_cell av-equal-height-column av-align-top av-zero-column-padding first  \" style='border-radius:0px; '><article class=\"iconbox iconbox_top main_color    \"  itemscope=\"itemscope\" itemtype=\"https:\/\/schema.org\/CreativeWork\" ><div class=\"iconbox_content\"><header class=\"entry-content-header\"><div class=\"iconbox_icon heading-color \" aria-hidden='true' data-av_icon='\ue82a' data-av_iconfont='entypo-fontello'  ><\/div><h3 class='iconbox_content_title '  itemprop=\"headline\"  >20 Jahre Erfahrung<\/h3><\/header><div class='iconbox_content_container  '  itemprop=\"text\"  ><p>Seit 20 Jahren produziert und vertreibt EP Equipment Flurf\u00f6rdertechnik<\/p>\n<\/div><\/div><footer class=\"entry-footer\"><\/footer><\/article><\/div><\/div><!--close column table wrapper. Autoclose: 1 --><div class='flex_column_table av-equal-height-column-flextable -flextable' ><div class='av-flex-placeholder'><\/div><div class=\"flex_column av_one_fourth  flex_column_table_cell av-equal-height-column av-align-top av-zero-column-padding   \" style='border-radius:0px; '><article class=\"iconbox iconbox_top main_color    \"  itemscope=\"itemscope\" itemtype=\"https:\/\/schema.org\/CreativeWork\" ><div class=\"iconbox_content\"><header class=\"entry-content-header\"><div class=\"iconbox_icon heading-color \" aria-hidden='true' data-av_icon='\ue821' data-av_iconfont='entypo-fontello'  ><\/div><h3 class='iconbox_content_title '  itemprop=\"headline\"  >250.000 m\u00b2<\/h3><\/header><div class='iconbox_content_container  '  itemprop=\"text\"  ><p>Auf \u00fcber 250.000 m\u00b2 produziert und entwickelt EP Equipment in China und den USA Stapler f\u00fcr den Weltmarkt.<\/p>\n<\/div><\/div><footer class=\"entry-footer\"><\/footer><\/article><\/div><\/div><!--close column table wrapper. Autoclose: 1 --><div class='flex_column_table av-equal-height-column-flextable -flextable' ><div class='av-flex-placeholder'><\/div><div class=\"flex_column av_one_fourth  flex_column_table_cell av-equal-height-column av-align-top av-zero-column-padding   \" style='border-radius:0px; '><article class=\"iconbox iconbox_top main_color    \"  itemscope=\"itemscope\" itemtype=\"https:\/\/schema.org\/CreativeWork\" ><div class=\"iconbox_content\"><header class=\"entry-content-header\"><div class=\"iconbox_icon heading-color \" aria-hidden='true' data-av_icon='\ue80b' data-av_iconfont='entypo-fontello'  ><\/div><h3 class='iconbox_content_title '  itemprop=\"headline\"  >1.000+<\/h3><\/header><div class='iconbox_content_container  '  itemprop=\"text\"  ><p>\u00dcber 1.000 Mitarbeiter weltweit<\/p>\n<\/div><\/div><footer class=\"entry-footer\"><\/footer><\/article><\/div><\/div><!--close column table wrapper. Autoclose: 1 --><div class='flex_column_table av-equal-height-column-flextable -flextable' ><div class='av-flex-placeholder'><\/div><div class=\"flex_column av_one_fourth  flex_column_table_cell av-equal-height-column av-align-top av-zero-column-padding   \" style='border-radius:0px; '><article class=\"iconbox iconbox_top main_color    \"  itemscope=\"itemscope\" itemtype=\"https:\/\/schema.org\/CreativeWork\" ><div class=\"iconbox_content\"><header class=\"entry-content-header\"><div class=\"iconbox_icon heading-color \" aria-hidden='true' data-av_icon='\ue8c6' data-av_iconfont='entypo-fontello'  ><\/div><h3 class='iconbox_content_title '  itemprop=\"headline\"  >15%<\/h3><\/header><div class='iconbox_content_container  '  itemprop=\"text\"  ><p>Mit \u00fcber 15% Wachstum j\u00e4hrlich erreicht EP Equipment \u00fcberdurch\u00adschnittlich viele, neue Kunden.<\/p>\n<\/div><\/div><footer class=\"entry-footer\"><\/footer><\/article><\/div><\/div><!--close column table wrapper. Autoclose: 1 -->\n<\/div><\/div><\/div><!-- close content main div --><\/div><\/div><div id='after_section_1' class='main_color av_default_container_wrap container_wrap sidebar_right'   ><div class='container' ><div class='template-page content  av-content-small alpha units'><div class='post-entry post-entry-type-page post-entry-1407'><div class='entry-content-wrapper clearfix'>\n<\/div><\/div><\/div><!-- close content main div --><\/div><\/div><div id='av_section_2' class='avia-section main_color avia-section-default avia-no-border-styling avia-bg-style-scroll   container_wrap sidebar_right' style = 'background-color: #e2e2e2; '  ><div class='container' ><div class='template-page content  av-content-small alpha units'><div class='post-entry post-entry-type-page post-entry-1407'><div class='entry-content-wrapper clearfix'>\n<section class=\"av_textblock_section \"  itemscope=\"itemscope\" itemtype=\"https:\/\/schema.org\/CreativeWork\" ><div class='avia_textblock  av_inherit_color '  style='font-size:20px; color:#777777; '  itemprop=\"text\" ><p style=\"text-align: center;\">Im Jahr 1993 gr\u00fcndet unser Inhaber John He die Firma EP Equipment und f\u00fchrte das Unternehmen zu internationaler Gr\u00f6\u00dfe. Von Anfang an hat sich EP Equipment auf die Entwicklung und Produktion von Elektro Flurf\u00f6rdertechnik spezialisiert .<\/p>\n<p style=\"text-align: center;\">Heute steht EP f\u00fcr h\u00f6chst innovative Produkte mit einer besonderen St\u00e4rke im Segment der Niederhub und Hochhubger\u00e4te. EP Equipment bietet dabei die optimale L\u00f6sung f\u00fcr jeden Einsatz.<\/p>\n<\/div><\/section>\n<\/div><\/div><\/div><!-- close content main div --><\/div><\/div><div id='after_section_2' class='main_color av_default_container_wrap container_wrap sidebar_right'   ><div class='container' ><div class='template-page content  av-content-small alpha units'><div class='post-entry post-entry-type-page post-entry-1407'><div class='entry-content-wrapper clearfix'>\n<\/div><\/div><\/div><!-- close content main div --><\/div><\/div><div id='company-icons' class='avia-section main_color avia-section-default avia-no-shadow avia-bg-style-scroll   container_wrap sidebar_right'   ><div class='container' ><div class='template-page content  av-content-small alpha units'><div class='post-entry post-entry-type-page post-entry-1407'><div class='entry-content-wrapper clearfix'>\n<div style='padding-bottom:10px;color:#c1342f;' class='av-special-heading av-special-heading-h3 custom-color-heading blockquote modern-quote modern-centered   '><h3 class='av-special-heading-tag '  itemprop=\"headline\"  >Unsere Ziele<\/h3><div class='special-heading-border'><div class='special-heading-inner-border' style='border-color:#c1342f'><\/div><\/div><\/div>\n<section class=\"av_textblock_section \"  itemscope=\"itemscope\" itemtype=\"https:\/\/schema.org\/CreativeWork\" ><div class='avia_textblock  av_inherit_color '  style='font-size:20px; color:#777777; '  itemprop=\"text\" ><p style=\"text-align: center;\">Als Anbieter eines breiten Portfolios von Flurf\u00f6rdertechnik mit einem speziellen Fokus auf Elektro Niederhub und Hochhubger\u00e4te bieten wir Ihnen maximale Flexibility in unseren Produktionsst\u00e4tten die es uns erlauben auch kundenindividuelle Anforderungen kosteng\u00fcnstig zu realisieren.<\/p>\n<p style=\"text-align: center;\">Durch seine starke Marktposition im Bereich der kleinen und wenigen Stapler konnte EP Equipment gemeinsam mit seinen Gro\u00dfkunden Hubwagen entwickeln, die speziell f\u00fcr den Einsatz im Lebensmitteleinzelhandel, produzierendem Gewerbe und der Logistik optimiert sind. Bei EP glauben wir an den Mega Trend der urbanen Logistik. Die Herausforderungen dieser beschleunigten Lieferkette ben\u00f6tigen neue, innovative L\u00f6sungen, die wir Ihnen schon heute bieten k\u00f6nnen.<\/p>\n<\/div><\/section>\n<div style='height:50px' class='hr hr-invisible  '><span class='hr-inner ' ><span class='hr-inner-style'><\/span><\/span><\/div>\n<div class=\"flex_column av_one_third  flex_column_div av-zero-column-padding first  \" style='border-radius:0px; '><p><span class=\"av_font_icon avia_animate_when_visible  av-icon-style-border  av-no-color avia-icon-pos-center \" style=\"\"><span class='av-icon-char' style='font-size:40px;line-height:40px;width:40px;' aria-hidden='true' data-av_icon='\ue855' data-av_iconfont='entypo-fontello' ><\/span><\/span><br \/>\n<div style='padding-bottom:10px;color:#c1342f;font-size:30px;' class='av-special-heading av-special-heading-h3 custom-color-heading blockquote modern-quote modern-centered  av-inherit-size '><h3 class='av-special-heading-tag '  itemprop=\"headline\"  >Ehrliche Arbeit<\/h3><div class='special-heading-border'><div class='special-heading-inner-border' style='border-color:#c1342f'><\/div><\/div><\/div><\/p><\/div><div class=\"flex_column av_one_third  flex_column_div av-zero-column-padding   \" style='border-radius:0px; '><p><span class=\"av_font_icon avia_animate_when_visible  av-icon-style-border  av-no-color avia-icon-pos-center \" style=\"\"><span class='av-icon-char' style='font-size:40px;line-height:40px;width:40px;' aria-hidden='true' data-av_icon='\ue8d7' data-av_iconfont='entypo-fontello' ><\/span><\/span><br \/>\n<div style='padding-bottom:10px;color:#c1342f;font-size:30px;' class='av-special-heading av-special-heading-h3 custom-color-heading blockquote modern-quote modern-centered  av-inherit-size '><h3 class='av-special-heading-tag '  itemprop=\"headline\"  >Innovation<\/h3><div class='special-heading-border'><div class='special-heading-inner-border' style='border-color:#c1342f'><\/div><\/div><\/div><\/p><\/div><div class=\"flex_column av_one_third  flex_column_div av-zero-column-padding   \" style='border-radius:0px; '><p><span class=\"av_font_icon avia_animate_when_visible  av-icon-style-border  av-no-color avia-icon-pos-center \" style=\"\"><span class='av-icon-char' style='font-size:40px;line-height:40px;width:40px;' aria-hidden='true' data-av_icon='\ue82b' data-av_iconfont='entypo-fontello' ><\/span><\/span><br \/>\n<div style='padding-bottom:10px;color:#c1342f;font-size:30px;' class='av-special-heading av-special-heading-h3 custom-color-heading blockquote modern-quote modern-centered  av-inherit-size '><h3 class='av-special-heading-tag '  itemprop=\"headline\"  >Service<\/h3><div class='special-heading-border'><div class='special-heading-inner-border' style='border-color:#c1342f'><\/div><\/div><\/div><\/p><\/div>\n<\/div><\/div><\/div><!-- close content main div --><\/div><\/div><div id='after_section_3' class='main_color av_default_container_wrap container_wrap sidebar_right'   ><div class='container' ><div class='template-page content  av-content-small alpha units'><div class='post-entry post-entry-type-page post-entry-1407'><div class='entry-content-wrapper clearfix'>\n<\/div><\/div><\/div><!-- close content main div --><\/div><\/div><div id='timeline' class='avia-section main_color avia-section-default avia-no-border-styling avia-bg-style-scroll   container_wrap sidebar_right' style = 'background-color: #e2e2e2; '  ><div class='container' ><div class='template-page content  av-content-small alpha units'><div class='post-entry post-entry-type-page post-entry-1407'><div class='entry-content-wrapper clearfix'>\n<div style='padding-bottom:10px;font-size:40px;' class='av-special-heading av-special-heading-h4 custom-color-heading blockquote modern-quote modern-centered  av-inherit-size '><h4 class='av-special-heading-tag '  itemprop=\"headline\"  >Historie<\/h4><div class='special-heading-border'><div class='special-heading-inner-border' ><\/div><\/div><\/div>\n<div style='height:50px' class='hr hr-invisible  '><span class='hr-inner ' ><span class='hr-inner-style'><\/span><\/span><\/div>\n<section class=\"avia_codeblock_section  avia_code_block_0\"  itemscope=\"itemscope\" itemtype=\"https:\/\/schema.org\/CreativeWork\" ><div class='avia_codeblock '  itemprop=\"text\" > [avia_codeblock_placeholder uid=\"0\"] <\/div><\/section>\n<\/div><\/div><\/div><!-- close content main div --><\/div><\/div><div id='after_section_4' class='main_color av_default_container_wrap container_wrap sidebar_right'   ><div class='container' ><div class='template-page content  av-content-small alpha units'><div class='post-entry post-entry-type-page post-entry-1407'><div class='entry-content-wrapper clearfix'>\n<div id='layer_slider_2' class='avia-layerslider main_color avia-shadow  container_wrap sidebar_right'    style='height: 401px;' ><\/div>\n<\/div><\/div><\/div><!-- close content main div --><\/div><\/div><div id='av_section_5' class='avia-section main_color avia-section-default avia-no-border-styling avia-bg-style-scroll   container_wrap sidebar_right'   ><div class='container' ><div class='template-page content  av-content-small alpha units'><div class='post-entry post-entry-type-page post-entry-1407'><div class='entry-content-wrapper clearfix'>\n<section class=\"av_textblock_section \"  itemscope=\"itemscope\" itemtype=\"https:\/\/schema.org\/CreativeWork\" ><div class='avia_textblock  av_inherit_color '  style='font-size:20px; color:#777777; '  itemprop=\"text\" ><p style=\"text-align: center;\">EP Equipment hat sich \u00fcber die letzten Jahre zu einem international agierenden Unternehmen mit eigenen Niederlassungen auf drei Kontinenten entwickelt.<\/p>\n<p style=\"text-align: center;\">Mit eigenen Produktionsst\u00e4tten in China und einer kleineren Fabrik mit eigenem Qualit\u00e4tsmanagement in den USA bieten wir Ihnen qualitativ hochwertige Produkte zu einem effizienten Preis.<\/p>\n<blockquote>\n<p><em>&#8222;Die Kunst bei der Produktion von elektro Hubwagen ist, die Balance zwischen dem technisch m\u00f6glichen und einem attrativen Preis zu finden.&#8220;<\/em><\/p>\n<\/blockquote>\n<p style=\"text-align: center;\">Bei EP bieten wir Ihnen eine breite Palette an Produkte, die Ihre individuellen Anforderungen von gelegentlichem Einsatz bis zu Mehrschicht-Eins\u00e4tzen in hochfrequentierten Umschlagl\u00e4gern gerecht werden.<\/p>\n<p style=\"text-align: center;\">F\u00fcr unsere Stapler nutzen wir nur die besten Komponenten, so kommen beispielsweise viele unserer Motoren, Steuerungen und andere Komponenten aus Deutschland. Im Zusammenspiel mit unserer kosteneffizienten Produktion in China bieten wir Ihnen ein Top Produkt zu einem attraktiven Preis.<\/p>\n<\/div><\/section>\n<\/div><\/div><\/div><!-- close content main div --><\/div><\/div><div id='after_section_5' class='main_color av_default_container_wrap container_wrap sidebar_right'   ><div class='container' ><div class='template-page content  av-content-small alpha units'><div class='post-entry post-entry-type-page post-entry-1407'><div class='entry-content-wrapper clearfix'>\n","protected":false},"excerpt":{"rendered":"","protected":false},"author":1,"featured_media":0,"parent":0,"menu_order":292,"comment_status":"closed","ping_status":"closed","template":"","meta":[],"_links":{"self":[{"href":"https:\/\/ep-components.com\/de\/wp-json\/wp\/v2\/pages\/1407"}],"collection":[{"href":"https:\/\/ep-components.com\/de\/wp-json\/wp\/v2\/pages"}],"about":[{"href":"https:\/\/ep-components.com\/de\/wp-json\/wp\/v2\/types\/page"}],"author":[{"embeddable":true,"href":"https:\/\/ep-components.com\/de\/wp-json\/wp\/v2\/users\/1"}],"replies":[{"embeddable":true,"href":"https:\/\/ep-components.com\/de\/wp-json\/wp\/v2\/comments?post=1407"}],"version-history":[{"count":8,"href":"https:\/\/ep-components.com\/de\/wp-json\/wp\/v2\/pages\/1407\/revisions"}],"predecessor-version":[{"id":3745,"href":"https:\/\/ep-components.com\/de\/wp-json\/wp\/v2\/pages\/1407\/revisions\/3745"}],"wp:attachment":[{"href":"https:\/\/ep-components.com\/de\/wp-json\/wp\/v2\/media?parent=1407"}],"curies":[{"name":"wp","href":"https:\/\/api.w.org\/{rel}","templated":true}]}}