{"id":1427,"date":"2017-07-25T14:41:29","date_gmt":"2017-07-25T12:41:29","guid":{"rendered":"http:\/\/ep-equipment.eu\/?page_id=1427\/"},"modified":"2019-10-09T11:17:18","modified_gmt":"2019-10-09T09:17:18","slug":"ep-equipment-die-echte-alternative-fuer-flurfoerdertechnik","status":"publish","type":"page","link":"https:\/\/ep-components.com\/de\/","title":{"rendered":"EP EQUIPMENT &#8211; die echte Alternative f\u00fcr Flurf\u00f6rdertechnik"},"content":{"rendered":"<div id='layer_slider_1' class='avia-layerslider main_color avia-shadow  container_wrap sidebar_right'    style='height: 401px;' ><\/div>\n<\/div><\/div><\/div><!-- close content main div --><\/div><\/div><div id='intro' class='avia-section main_color avia-section-default avia-no-border-styling avia-bg-style-scroll   container_wrap sidebar_right' style = 'background-color: #e2e2e2; '  ><div class='container' ><div class='template-page content  av-content-small alpha units'><div class='post-entry post-entry-type-page post-entry-1427'><div class='entry-content-wrapper clearfix'>\n<div class='flex_column_table av-equal-height-column-flextable -flextable' ><div class=\"flex_column av_one_full  no_margin flex_column_table_cell av-equal-height-column av-align-top first  \" style='padding:0px 80px 0px 80px ; border-radius:0px; '><div style='padding-bottom:10px;color:#c1342f;' class='av-special-heading av-special-heading-h1 custom-color-heading blockquote modern-quote  '><h1 class='av-special-heading-tag '  itemprop=\"headline\"  ><span class='special_amp'>\u201e<\/span>Unsere St\u00e4rke kommt aus unserer Leidenschaft Produkte zu entwickeln, die einfach funktionieren.<span class='special_amp'>\u201d<\/span><\/h1><div class ='av-subheading av-subheading_below av_custom_color ' style='font-size:15px;'><p>John HE (owner of EP)<\/p>\n<\/div><div class='special-heading-border'><div class='special-heading-inner-border' style='border-color:#c1342f'><\/div><\/div><\/div><\/div><\/div><!--close column table wrapper. Autoclose: 1 -->\n<\/div><\/div><\/div><!-- close content main div --><\/div><\/div><div id='after_section_1' class='main_color av_default_container_wrap container_wrap sidebar_right'   ><div class='container' ><div class='template-page content  av-content-small alpha units'><div class='post-entry post-entry-type-page post-entry-1427'><div class='entry-content-wrapper clearfix'>\n<\/div><\/div><\/div><!-- close content main div --><\/div><\/div><div id='av_section_2' class='avia-section main_color avia-section-default avia-no-border-styling avia-bg-style-scroll   container_wrap sidebar_right'   ><div class='container' ><div class='template-page content  av-content-small alpha units'><div class='post-entry post-entry-type-page post-entry-1427'><div class='entry-content-wrapper clearfix'>\n<div class=\"flex_column av_one_half  flex_column_div av-zero-column-padding first  \" style='border-radius:0px; '><p><div style='padding-bottom:10px;' class='av-special-heading av-special-heading-h2  blockquote modern-quote   '><h2 class='av-special-heading-tag '  itemprop=\"headline\"  >\u00dcber uns<\/h2><div class='special-heading-border'><div class='special-heading-inner-border' ><\/div><\/div><\/div><br \/>\n<section class=\"av_textblock_section \"  itemscope=\"itemscope\" itemtype=\"https:\/\/schema.org\/CreativeWork\" ><div class='avia_textblock  '   itemprop=\"text\" ><p>Seit der Gr\u00fcndung im Jahr 1993 ist EP Equipment zu einem der weltweit gr\u00f6\u00dften Hersteller f\u00fcr Flurf\u00f6rdertechnik gewachsen.<\/p>\n<p>Von Anfang an lag der Fokus bei EP auf elektrischen Fahrzeugen, wodurch das Unternehmen \u00fcber die Jahre einen echten Wettbewerbsvorteil entwickeln konnte.<\/p>\n<p>Heute steht EP Equipment f\u00fcr h\u00f6chst innovative Produkte im Bereich der Lagertechnik die den individuellen Anforderungen internationaler Kunden gerecht werden.<\/p>\n<p>Mit seiner Kernkompetenz in der Produktion von kleinen elektro Hubwagen, Staplern und Lagerfahrzeugen hat sich EP Equipment auf die Bed\u00fcrfnisse seiner Kunden aus dem Lebensmitteleinzelhandel, dem produzierenden Gewerbe und der Logistik eingestellt und \u00fcber die Jahre passende Fahrzeuge f\u00fcr den jeweiligen Einsatz entwickelt. Bei EP Equipment geht es nicht nur darum Standard Produkte zu kaufen, sondern die richtigen Produkte f\u00fcr einen speziellen Einsatz zu finden.<br \/>\nEP glaubt an den Megatrend der urbanen Logistik und bietet schon heute L\u00f6sungen um die daraus entstehenden Herausforderungen anzupacken.<\/p>\n<\/div><\/section><br \/>\n<div class='avia-button-wrap avia-button-left '><a href='https:\/\/ep-components.com\/de\/kontakt\/' class='avia-button   avia-icon_select-no avia-color-theme-color avia-size-medium avia-position-left '   ><span class='avia_iconbox_title' >Kontaktieren Sie uns<\/span><\/a><\/div><\/p><\/div><div class=\"flex_column av_one_half  flex_column_div av-zero-column-padding   \" style='border-radius:0px; '><p><div style='padding-bottom:10px;' class='av-special-heading av-special-heading-h2  blockquote modern-quote   '><h2 class='av-special-heading-tag '  itemprop=\"headline\"  >Unsere Produkte<\/h2><div class='special-heading-border'><div class='special-heading-inner-border' ><\/div><\/div><\/div><br \/>\n<section class=\"av_textblock_section \"  itemscope=\"itemscope\" itemtype=\"https:\/\/schema.org\/CreativeWork\" ><div class='avia_textblock  '   itemprop=\"text\" ><p>Bei EP Equipment glauben wir an einfache Produkte, die wirklich funktionieren. Unsere Vision ist es dabei simple Produkte zu entwickeln, die den t\u00e4glichen Anforderungen unseren Kunden gerecht werden und gleichzeitig einen attraktiven Preis bieten.<\/p>\n<p>Als einer der f\u00fchrenden Hersteller im Niederhub und Hochhubsegment bietet EP Equipment f\u00fcr jeden Einsatz das passende Fahrzeug &#8211; vom gelegentlichen Einsatz bis hin zu Mehrschichteins\u00e4tzen finden Sie bei EP den richtigen Stapler.<\/p>\n<p>Erfahren Sie mehr \u00fcber unsere Hubwagen auf unserer Website oder kontaktieren Sie und per E-Mail, Telefon, Whatsapp oder Wechat. Wir sind f\u00fcr Sie da!<\/p>\n<ul><\/ul>\n<\/div><\/section><\/p><\/div>\n<\/div><\/div><\/div><!-- close content main div --><\/div><\/div><div id='after_section_2' class='main_color av_default_container_wrap container_wrap sidebar_right'   ><div class='container' ><div class='template-page content  av-content-small alpha units'><div class='post-entry post-entry-type-page post-entry-1427'><div class='entry-content-wrapper clearfix'>\n<\/div><\/div><\/div><!-- close content main div --><\/div><\/div><div id='av_section_3' class='avia-section main_color avia-section-default avia-no-border-styling avia-bg-style-scroll   container_wrap sidebar_right' style = 'background-color: #e2e2e2; '  ><div class='container' ><div class='template-page content  av-content-small alpha units'><div class='post-entry post-entry-type-page post-entry-1427'><div class='entry-content-wrapper clearfix'>\n<div style='padding-bottom:10px;' class='av-special-heading av-special-heading-h2  blockquote modern-quote   '><h2 class='av-special-heading-tag '  itemprop=\"headline\"  >News<\/h2><div class='special-heading-border'><div class='special-heading-inner-border' ><\/div><\/div><\/div>\n<div id='av-magazine-1' class='av-magazine    av-magazine-hero-left av-magazine-top-bar-active av-magazine-tabs-active' ><div class='av-magazine-top-bar ' ><\/div><div class='av-magazine-group sort_all'><div class='av-magazine-hero first flex_column av_one_half '><article class='hentry av-magazine-entry av-magazine-entry-id-10481 av-magazine-format-standard av-magazine-type-post av-magazine-entry-1 av-magazine-entry-big '  itemscope=\"itemscope\" itemtype=\"https:\/\/schema.org\/CreativeWork\" ><div class='av-magazine-thumbnail'><a href='https:\/\/ep-components.com\/de\/blog\/2020\/03\/04\/no-logimat-come-to-ep-open-dealer-day-from-11-13-march-in-belgium\/' title='Link zu: No Logimat &#8211; come to EP open dealer day from 11-13 March in Belgium' class='iconfont av-magazine-entry-icon' aria-hidden='true' data-av_icon='\ue836' data-av_iconfont='entypo-fontello'><\/a><\/div><div class='av-magazine-content-wrap'><header class='entry-content-header'><time class='av-magazine-time updated'  itemprop=\"datePublished\" datetime=\"2020-03-04T13:12:32+01:00\" >4. M\u00e4rz 2020<\/time><span class='av-magazine-text-sep text-sep-date'>\/<\/span><span class=\"av-magazine-author minor-meta\">von <span class=\"av-magazine-author-link\"  itemprop=\"author\" ><span class='av-magazine-author meta-color vcard author'><span class='fn'><a href=https:\/\/ep-components.com\/de\/blog\/author\/beint-schmieder-wp\/ title=\"von Schmieder\" rel=\"author\">Schmieder<\/a><\/span><\/span><\/span><\/span><h3 class='av-magazine-title entry-title'  itemprop=\"headline\" ><a href='https:\/\/ep-components.com\/de\/blog\/2020\/03\/04\/no-logimat-come-to-ep-open-dealer-day-from-11-13-march-in-belgium\/' title='Link zu: No Logimat &#8211; come to EP open dealer day from 11-13 March in Belgium'>No Logimat &#8211; come to EP open dealer day from 11-13 March in Belgium<\/a><\/h3><\/header><div class='av-magazine-content entry-content'  itemprop=\"text\" >Sadly we had to see that more and more exhibitors cancelled their\u2026<\/div><\/div><footer class='entry-footer'><\/footer><\/article><\/div><div class='av-magazine-sideshow flex_column av_one_half '><article class='hentry av-magazine-entry av-magazine-entry-id-10259 av-magazine-format-standard av-magazine-type-post av-magazine-entry-2 av-magazine-entry-small '  itemscope=\"itemscope\" itemtype=\"https:\/\/schema.org\/CreativeWork\" ><div class='av-magazine-thumbnail'><a href='https:\/\/ep-components.com\/de\/blog\/2020\/02\/06\/ep-equipment-switches-palletxpress-fleet-from-diesel-to-li-ion\/' title='Link zu: EP Equipment switches PalletXPress fleet from Diesel to Li-Ion' class='iconfont av-magazine-entry-icon' aria-hidden='true' data-av_icon='\ue836' data-av_iconfont='entypo-fontello'><\/a><\/div><div class='av-magazine-content-wrap'><header class='entry-content-header'><time class='av-magazine-time updated'  itemprop=\"datePublished\" datetime=\"2020-02-06T09:17:59+01:00\" >6. Februar 2020<\/time><span class='av-magazine-text-sep text-sep-date'>\/<\/span><span class=\"av-magazine-author minor-meta\">von <span class=\"av-magazine-author-link\"  itemprop=\"author\" ><span class='av-magazine-author meta-color vcard author'><span class='fn'><a href=https:\/\/ep-components.com\/de\/blog\/author\/moiiris\/ title=\"von Moiiris\" rel=\"author\">Moiiris<\/a><\/span><\/span><\/span><\/span><h3 class='av-magazine-title entry-title'  itemprop=\"headline\" ><a href='https:\/\/ep-components.com\/de\/blog\/2020\/02\/06\/ep-equipment-switches-palletxpress-fleet-from-diesel-to-li-ion\/' title='Link zu: EP Equipment switches PalletXPress fleet from Diesel to Li-Ion'>EP Equipment switches PalletXPress fleet from Diesel to Li-Ion<\/a><\/h3><\/header><\/div><footer class='entry-footer'><\/footer><\/article><article class='hentry av-magazine-entry av-magazine-entry-id-10234 av-magazine-format-standard av-magazine-type-post av-magazine-entry-3 av-magazine-entry-small '  itemscope=\"itemscope\" itemtype=\"https:\/\/schema.org\/CreativeWork\" ><div class='av-magazine-thumbnail'><a href='https:\/\/ep-components.com\/de\/blog\/2020\/02\/06\/logimat-2020-the-real-deal-with-eps-li-ion-technology\/' title='Link zu: LogiMAT 2020: The Real Deal with EP&#8217;s Li-Ion Technology' class='iconfont av-magazine-entry-icon' aria-hidden='true' data-av_icon='\ue836' data-av_iconfont='entypo-fontello'><\/a><\/div><div class='av-magazine-content-wrap'><header class='entry-content-header'><time class='av-magazine-time updated'  itemprop=\"datePublished\" datetime=\"2020-02-06T09:14:24+01:00\" >6. Februar 2020<\/time><span class='av-magazine-text-sep text-sep-date'>\/<\/span><span class=\"av-magazine-author minor-meta\">von <span class=\"av-magazine-author-link\"  itemprop=\"author\" ><span class='av-magazine-author meta-color vcard author'><span class='fn'><a href=https:\/\/ep-components.com\/de\/blog\/author\/moiiris\/ title=\"von Moiiris\" rel=\"author\">Moiiris<\/a><\/span><\/span><\/span><\/span><h3 class='av-magazine-title entry-title'  itemprop=\"headline\" ><a href='https:\/\/ep-components.com\/de\/blog\/2020\/02\/06\/logimat-2020-the-real-deal-with-eps-li-ion-technology\/' title='Link zu: LogiMAT 2020: The Real Deal with EP&#8217;s Li-Ion Technology'>LogiMAT 2020: The Real Deal with EP&#8217;s Li-Ion Technology<\/a><\/h3><\/header><\/div><footer class='entry-footer'><\/footer><\/article><article class='hentry av-magazine-entry av-magazine-entry-id-9956 av-magazine-format-standard av-magazine-type-post av-magazine-entry-4 av-magazine-entry-small '  itemscope=\"itemscope\" itemtype=\"https:\/\/schema.org\/CreativeWork\" ><div class='av-magazine-thumbnail'><a href='https:\/\/ep-components.com\/de\/blog\/2020\/01\/22\/new-dealer-manager-germany-julian-buter-joining-ep-equipment\/' title='Link zu: New dealer Manager Germany &#8211; Julian B\u00fcter joining EP Equipment' class='iconfont av-magazine-entry-icon' aria-hidden='true' data-av_icon='\ue836' data-av_iconfont='entypo-fontello'><\/a><\/div><div class='av-magazine-content-wrap'><header class='entry-content-header'><time class='av-magazine-time updated'  itemprop=\"datePublished\" datetime=\"2020-01-22T15:00:49+01:00\" >22. Januar 2020<\/time><span class='av-magazine-text-sep text-sep-date'>\/<\/span><span class=\"av-magazine-author minor-meta\">von <span class=\"av-magazine-author-link\"  itemprop=\"author\" ><span class='av-magazine-author meta-color vcard author'><span class='fn'><a href=https:\/\/ep-components.com\/de\/blog\/author\/beint-schmieder-wp\/ title=\"von Schmieder\" rel=\"author\">Schmieder<\/a><\/span><\/span><\/span><\/span><h3 class='av-magazine-title entry-title'  itemprop=\"headline\" ><a href='https:\/\/ep-components.com\/de\/blog\/2020\/01\/22\/new-dealer-manager-germany-julian-buter-joining-ep-equipment\/' title='Link zu: New dealer Manager Germany &#8211; Julian B\u00fcter joining EP Equipment'>New dealer Manager Germany &#8211; Julian B\u00fcter joining EP Equipment<\/a><\/h3><\/header><\/div><footer class='entry-footer'><\/footer><\/article><article class='hentry av-magazine-entry av-magazine-entry-id-9755 av-magazine-format-standard av-magazine-type-post av-magazine-entry-5 av-magazine-entry-small '  itemscope=\"itemscope\" itemtype=\"https:\/\/schema.org\/CreativeWork\" ><div class='av-magazine-thumbnail'><a href='https:\/\/ep-components.com\/de\/blog\/2019\/12\/11\/the-4th-11-11-event-a-new-sales-record-and-tons-of-new-models\/' title='Link zu: The 4th 11.11 Event &#8211; a new sales record and tons of new models' class='iconfont av-magazine-entry-icon' aria-hidden='true' data-av_icon='\ue836' data-av_iconfont='entypo-fontello'><\/a><\/div><div class='av-magazine-content-wrap'><header class='entry-content-header'><time class='av-magazine-time updated'  itemprop=\"datePublished\" datetime=\"2019-12-11T08:57:55+01:00\" >11. Dezember 2019<\/time><span class='av-magazine-text-sep text-sep-date'>\/<\/span><span class=\"av-magazine-author minor-meta\">von <span class=\"av-magazine-author-link\"  itemprop=\"author\" ><span class='av-magazine-author meta-color vcard author'><span class='fn'><a href=https:\/\/ep-components.com\/de\/blog\/author\/moiiris\/ title=\"von Moiiris\" rel=\"author\">Moiiris<\/a><\/span><\/span><\/span><\/span><h3 class='av-magazine-title entry-title'  itemprop=\"headline\" ><a href='https:\/\/ep-components.com\/de\/blog\/2019\/12\/11\/the-4th-11-11-event-a-new-sales-record-and-tons-of-new-models\/' title='Link zu: The 4th 11.11 Event &#8211; a new sales record and tons of new models'>The 4th 11.11 Event &#8211; a new sales record and tons of new models<\/a><\/h3><\/header><\/div><footer class='entry-footer'><\/footer><\/article><\/div><\/div><\/div>\n<\/div><\/div><\/div><!-- close content main div --><\/div><\/div><div id='after_section_3' class='main_color av_default_container_wrap container_wrap sidebar_right'   ><div class='container' ><div class='template-page content  av-content-small alpha units'><div class='post-entry post-entry-type-page post-entry-1427'><div class='entry-content-wrapper clearfix'>\n","protected":false},"excerpt":{"rendered":"","protected":false},"author":1,"featured_media":0,"parent":0,"menu_order":170,"comment_status":"closed","ping_status":"closed","template":"","meta":[],"_links":{"self":[{"href":"https:\/\/ep-components.com\/de\/wp-json\/wp\/v2\/pages\/1427"}],"collection":[{"href":"https:\/\/ep-components.com\/de\/wp-json\/wp\/v2\/pages"}],"about":[{"href":"https:\/\/ep-components.com\/de\/wp-json\/wp\/v2\/types\/page"}],"author":[{"embeddable":true,"href":"https:\/\/ep-components.com\/de\/wp-json\/wp\/v2\/users\/1"}],"replies":[{"embeddable":true,"href":"https:\/\/ep-components.com\/de\/wp-json\/wp\/v2\/comments?post=1427"}],"version-history":[{"count":10,"href":"https:\/\/ep-components.com\/de\/wp-json\/wp\/v2\/pages\/1427\/revisions"}],"predecessor-version":[{"id":9118,"href":"https:\/\/ep-components.com\/de\/wp-json\/wp\/v2\/pages\/1427\/revisions\/9118"}],"wp:attachment":[{"href":"https:\/\/ep-components.com\/de\/wp-json\/wp\/v2\/media?parent=1427"}],"curies":[{"name":"wp","href":"https:\/\/api.w.org\/{rel}","templated":true}]}}