{"id":1417,"date":"2017-07-24T16:08:06","date_gmt":"2017-07-24T14:08:06","guid":{"rendered":"http:\/\/ep-equipment.eu\/?page_id=1417\/"},"modified":"2017-12-04T10:30:14","modified_gmt":"2017-12-04T09:30:14","slug":"ep-equipment","status":"publish","type":"page","link":"https:\/\/ep-components.com\/fr\/","title":{"rendered":"EP EQUIPMENT"},"content":{"rendered":"<div id='layer_slider_1' class='avia-layerslider main_color avia-shadow  container_wrap sidebar_right'    style='height: 401px;' ><\/div>\n<\/div><\/div><\/div><!-- close content main div --><\/div><\/div><div id='intro' class='avia-section main_color avia-section-default avia-no-border-styling avia-bg-style-scroll   container_wrap sidebar_right' style = 'background-color: #e2e2e2; '  ><div class='container' ><div class='template-page content  av-content-small alpha units'><div class='post-entry post-entry-type-page post-entry-1417'><div class='entry-content-wrapper clearfix'>\n<div class='flex_column_table av-equal-height-column-flextable -flextable' ><div class=\"flex_column av_one_full  no_margin flex_column_table_cell av-equal-height-column av-align-top first  \" style='padding:0px 80px 0px 80px ; border-radius:0px; '><div style='padding-bottom:10px;color:#c1342f;' class='av-special-heading av-special-heading-h1 custom-color-heading blockquote modern-quote  '><h1 class='av-special-heading-tag '  itemprop=\"headline\"  ><span class='special_amp'>\u201e<\/span>Notre force vient de notre passion de cr\u00e9er des produits qui marchent simplement.<span class='special_amp'>\u201d<\/span><\/h1><div class ='av-subheading av-subheading_below av_custom_color ' style='font-size:15px;'><p>John HE (Propri\u00e9taire de EP)<\/p>\n<\/div><div class='special-heading-border'><div class='special-heading-inner-border' style='border-color:#c1342f'><\/div><\/div><\/div><\/div><\/div><!--close column table wrapper. Autoclose: 1 --><\/div><\/div><\/div><!-- close content main div --><\/div><\/div><div id='after_section_1' class='main_color av_default_container_wrap container_wrap sidebar_right'   ><div class='container' ><div class='template-page content  av-content-small alpha units'><div class='post-entry post-entry-type-page post-entry-1417'><div class='entry-content-wrapper clearfix'><\/div><\/div><\/div><!-- close content main div --><\/div><\/div><div id='av_section_2' class='avia-section main_color avia-section-default avia-no-border-styling avia-bg-style-scroll   container_wrap sidebar_right'   ><div class='container' ><div class='template-page content  av-content-small alpha units'><div class='post-entry post-entry-type-page post-entry-1417'><div class='entry-content-wrapper clearfix'>\n<div class=\"flex_column av_one_half  flex_column_div av-zero-column-padding first  \" style='border-radius:0px; '><p><div style='padding-bottom:10px;' class='av-special-heading av-special-heading-h2  blockquote modern-quote  '><h2 class='av-special-heading-tag '  itemprop=\"headline\"  >\u00c0 propos de nous<\/h2><div class='special-heading-border'><div class='special-heading-inner-border' ><\/div><\/div><\/div><br \/>\n<section class=\"av_textblock_section \"  itemscope=\"itemscope\" itemtype=\"https:\/\/schema.org\/CreativeWork\" ><div class='avia_textblock  '   itemprop=\"text\" ><p>Fond\u00e9e en 1993, EP Equipment est devenu l&rsquo;un des meilleurs acteurs dans le monde des solutions intra logistiques.<\/p>\n<p>Depuis le d\u00e9but jusque aujourd\u2019hui, EP Equipment se concentre sur les produits \u00e9lectriques.<\/p>\n<p>Le jour d\u2019aujourd\u2019hui, EP Equipment repr\u00e9sente des produits dans la gamme de mat\u00e9riels de manutention tr\u00e8s innovants et qui r\u00e9pondent aux besoins de nos clients.<\/p>\n<p>Avec la gamme de magasinage comme base, EP Equipment met le focus sur la commerce de d\u00e9tail, la fabrication et la distribution. Chez EP, nous croyons que la logistique urbaine devient plus importante, et qui n\u00e9cessite des solutions nouvelles et intelligentes, que nous avons d\u00e9j\u00e0.<\/p>\n<p>Produire un bon transpalette c\u2019est trouver l\u2019\u00e9quilibre entre les besoins du client et un prix attractif.<\/p>\n<\/div><\/section><br \/>\n<div class='avia-button-wrap avia-button-left '><a href='https:\/\/ep-components.com\/fr\/' class='avia-button   avia-icon_select-no avia-color-theme-color avia-size-medium avia-position-left '   ><span class='avia_iconbox_title' >Contactez-nous<\/span><\/a><\/div><\/p><\/div><div class=\"flex_column av_one_half  flex_column_div av-zero-column-padding   \" style='border-radius:0px; '><p><div style='padding-bottom:10px;' class='av-special-heading av-special-heading-h2  blockquote modern-quote  '><h2 class='av-special-heading-tag '  itemprop=\"headline\"  >Nos produits<\/h2><div class='special-heading-border'><div class='special-heading-inner-border' ><\/div><\/div><\/div><br \/>\n<section class=\"av_textblock_section \"  itemscope=\"itemscope\" itemtype=\"https:\/\/schema.org\/CreativeWork\" ><div class='avia_textblock  '   itemprop=\"text\" ><p>Chez EP Equipment, nous croyons en des produits qui fonctionnent tout simplement. Notre vision est de cr\u00e9er des outils simples mais puissants qui soutiennent les op\u00e9rations quotidiennes de nos clients \u00e0 un prix raisonnable.<\/p>\n<p>Selon l\u2019utilisation, nous proposons une gamme de produits large qui r\u00e9pond aux besoins individuels de chaque client. D\u2019une op\u00e9ration occasionnelle jusqu\u2019\u00e0 une application \u00e0 haute fr\u00e9quence comme des centres de distribution.<\/p>\n<p>D\u00e9couvre nos produits maintenant ou contactez-nous par E-mail, t\u00e9l\u00e9phone, WhatsApp ou WeChat. Nous sommes l\u00e0 pour vous soutenir\u00a0!<\/p>\n<ul><\/ul>\n<\/div><\/section><\/p><\/div><\/div><\/div><\/div><!-- close content main div --><\/div><\/div><div id='after_section_2' class='main_color av_default_container_wrap container_wrap sidebar_right'   ><div class='container' ><div class='template-page content  av-content-small alpha units'><div class='post-entry post-entry-type-page post-entry-1417'><div class='entry-content-wrapper clearfix'><\/div><\/div><\/div><!-- close content main div --><\/div><\/div><div id='av_section_3' class='avia-section main_color avia-section-default avia-no-border-styling avia-bg-style-scroll   container_wrap sidebar_right' style = 'background-color: #e2e2e2; '  ><div class='container' ><div class='template-page content  av-content-small alpha units'><div class='post-entry post-entry-type-page post-entry-1417'><div class='entry-content-wrapper clearfix'>\n<div style='padding-bottom:10px;' class='av-special-heading av-special-heading-h2  blockquote modern-quote  '><h2 class='av-special-heading-tag '  itemprop=\"headline\"  >Nouvelles<\/h2><div class='special-heading-border'><div class='special-heading-inner-border' ><\/div><\/div><\/div>\n<div id='av-magazine-1' class='av-magazine    av-magazine-hero-left av-magazine-top-bar-active av-magazine-tabs-active' ><div class='av-magazine-top-bar ' ><\/div><div class='av-magazine-group sort_all'><div class='av-magazine-hero first flex_column av_one_half '><article class='hentry av-magazine-entry av-magazine-entry-id-10480 av-magazine-format-standard av-magazine-type-post av-magazine-entry-1 av-magazine-entry-big '  itemscope=\"itemscope\" itemtype=\"https:\/\/schema.org\/CreativeWork\" ><div class='av-magazine-thumbnail'><a href='https:\/\/ep-components.com\/fr\/blog\/2020\/03\/04\/no-logimat-come-to-ep-open-dealer-day-from-11-13-march-in-belgium\/' title='En lien avec : No Logimat &#8211; come to EP open dealer day from 11-13 March in Belgium' class='iconfont av-magazine-entry-icon' aria-hidden='true' data-av_icon='\ue836' data-av_iconfont='entypo-fontello'><\/a><\/div><div class='av-magazine-content-wrap'><header class='entry-content-header'><time class='av-magazine-time updated'  itemprop=\"datePublished\" datetime=\"2020-03-04T13:12:32+01:00\" >4. mars 2020<\/time><span class='av-magazine-text-sep text-sep-date'>\/<\/span><span class=\"av-magazine-author minor-meta\">par <span class=\"av-magazine-author-link\"  itemprop=\"author\" ><span class='av-magazine-author meta-color vcard author'><span class='fn'><a href=https:\/\/ep-components.com\/fr\/blog\/author\/beint-schmieder-wp\/ title=\"par Schmieder\" rel=\"author\">Schmieder<\/a><\/span><\/span><\/span><\/span><h3 class='av-magazine-title entry-title'  itemprop=\"headline\" ><a href='https:\/\/ep-components.com\/fr\/blog\/2020\/03\/04\/no-logimat-come-to-ep-open-dealer-day-from-11-13-march-in-belgium\/' title='En lien avec : No Logimat &#8211; come to EP open dealer day from 11-13 March in Belgium'>No Logimat &#8211; come to EP open dealer day from 11-13 March in Belgium<\/a><\/h3><\/header><div class='av-magazine-content entry-content'  itemprop=\"text\" >Sadly we had to see that more and more exhibitors cancelled their\u2026<\/div><\/div><footer class='entry-footer'><\/footer><\/article><\/div><div class='av-magazine-sideshow flex_column av_one_half '><article class='hentry av-magazine-entry av-magazine-entry-id-10258 av-magazine-format-standard av-magazine-type-post av-magazine-entry-2 av-magazine-entry-small '  itemscope=\"itemscope\" itemtype=\"https:\/\/schema.org\/CreativeWork\" ><div class='av-magazine-thumbnail'><a href='https:\/\/ep-components.com\/fr\/blog\/2020\/02\/06\/ep-equipment-switches-palletxpress-fleet-from-diesel-to-li-ion\/' title='En lien avec : EP Equipment switches PalletXPress fleet from Diesel to Li-Ion' class='iconfont av-magazine-entry-icon' aria-hidden='true' data-av_icon='\ue836' data-av_iconfont='entypo-fontello'><\/a><\/div><div class='av-magazine-content-wrap'><header class='entry-content-header'><time class='av-magazine-time updated'  itemprop=\"datePublished\" datetime=\"2020-02-06T09:17:59+01:00\" >6. f\u00e9vrier 2020<\/time><span class='av-magazine-text-sep text-sep-date'>\/<\/span><span class=\"av-magazine-author minor-meta\">par <span class=\"av-magazine-author-link\"  itemprop=\"author\" ><span class='av-magazine-author meta-color vcard author'><span class='fn'><a href=https:\/\/ep-components.com\/fr\/blog\/author\/moiiris\/ title=\"par Moiiris\" rel=\"author\">Moiiris<\/a><\/span><\/span><\/span><\/span><h3 class='av-magazine-title entry-title'  itemprop=\"headline\" ><a href='https:\/\/ep-components.com\/fr\/blog\/2020\/02\/06\/ep-equipment-switches-palletxpress-fleet-from-diesel-to-li-ion\/' title='En lien avec : EP Equipment switches PalletXPress fleet from Diesel to Li-Ion'>EP Equipment switches PalletXPress fleet from Diesel to Li-Ion<\/a><\/h3><\/header><\/div><footer class='entry-footer'><\/footer><\/article><article class='hentry av-magazine-entry av-magazine-entry-id-10233 av-magazine-format-standard av-magazine-type-post av-magazine-entry-3 av-magazine-entry-small '  itemscope=\"itemscope\" itemtype=\"https:\/\/schema.org\/CreativeWork\" ><div class='av-magazine-thumbnail'><a href='https:\/\/ep-components.com\/fr\/blog\/2020\/02\/06\/logimat-2020-the-real-deal-with-eps-li-ion-technology\/' title='En lien avec : LogiMAT 2020: The Real Deal with EP&rsquo;s Li-Ion Technology' class='iconfont av-magazine-entry-icon' aria-hidden='true' data-av_icon='\ue836' data-av_iconfont='entypo-fontello'><\/a><\/div><div class='av-magazine-content-wrap'><header class='entry-content-header'><time class='av-magazine-time updated'  itemprop=\"datePublished\" datetime=\"2020-02-06T09:14:24+01:00\" >6. f\u00e9vrier 2020<\/time><span class='av-magazine-text-sep text-sep-date'>\/<\/span><span class=\"av-magazine-author minor-meta\">par <span class=\"av-magazine-author-link\"  itemprop=\"author\" ><span class='av-magazine-author meta-color vcard author'><span class='fn'><a href=https:\/\/ep-components.com\/fr\/blog\/author\/moiiris\/ title=\"par Moiiris\" rel=\"author\">Moiiris<\/a><\/span><\/span><\/span><\/span><h3 class='av-magazine-title entry-title'  itemprop=\"headline\" ><a href='https:\/\/ep-components.com\/fr\/blog\/2020\/02\/06\/logimat-2020-the-real-deal-with-eps-li-ion-technology\/' title='En lien avec : LogiMAT 2020: The Real Deal with EP&rsquo;s Li-Ion Technology'>LogiMAT 2020: The Real Deal with EP&rsquo;s Li-Ion Technology<\/a><\/h3><\/header><\/div><footer class='entry-footer'><\/footer><\/article><article class='hentry av-magazine-entry av-magazine-entry-id-9955 av-magazine-format-standard av-magazine-type-post av-magazine-entry-4 av-magazine-entry-small '  itemscope=\"itemscope\" itemtype=\"https:\/\/schema.org\/CreativeWork\" ><div class='av-magazine-thumbnail'><a href='https:\/\/ep-components.com\/fr\/blog\/2020\/01\/22\/new-dealer-manager-germany-julian-buter-joining-ep-equipment\/' title='En lien avec : New dealer Manager Germany &#8211; Julian B\u00fcter joining EP Equipment' class='iconfont av-magazine-entry-icon' aria-hidden='true' data-av_icon='\ue836' data-av_iconfont='entypo-fontello'><\/a><\/div><div class='av-magazine-content-wrap'><header class='entry-content-header'><time class='av-magazine-time updated'  itemprop=\"datePublished\" datetime=\"2020-01-22T15:00:49+01:00\" >22. janvier 2020<\/time><span class='av-magazine-text-sep text-sep-date'>\/<\/span><span class=\"av-magazine-author minor-meta\">par <span class=\"av-magazine-author-link\"  itemprop=\"author\" ><span class='av-magazine-author meta-color vcard author'><span class='fn'><a href=https:\/\/ep-components.com\/fr\/blog\/author\/beint-schmieder-wp\/ title=\"par Schmieder\" rel=\"author\">Schmieder<\/a><\/span><\/span><\/span><\/span><h3 class='av-magazine-title entry-title'  itemprop=\"headline\" ><a href='https:\/\/ep-components.com\/fr\/blog\/2020\/01\/22\/new-dealer-manager-germany-julian-buter-joining-ep-equipment\/' title='En lien avec : New dealer Manager Germany &#8211; Julian B\u00fcter joining EP Equipment'>New dealer Manager Germany &#8211; Julian B\u00fcter joining EP Equipment<\/a><\/h3><\/header><\/div><footer class='entry-footer'><\/footer><\/article><article class='hentry av-magazine-entry av-magazine-entry-id-9754 av-magazine-format-standard av-magazine-type-post av-magazine-entry-5 av-magazine-entry-small '  itemscope=\"itemscope\" itemtype=\"https:\/\/schema.org\/CreativeWork\" ><div class='av-magazine-thumbnail'><a href='https:\/\/ep-components.com\/fr\/blog\/2019\/12\/11\/the-4th-11-11-event-a-new-sales-record-and-tons-of-new-models\/' title='En lien avec : The 4th 11.11 Event &#8211; a new sales record and tons of new models' class='iconfont av-magazine-entry-icon' aria-hidden='true' data-av_icon='\ue836' data-av_iconfont='entypo-fontello'><\/a><\/div><div class='av-magazine-content-wrap'><header class='entry-content-header'><time class='av-magazine-time updated'  itemprop=\"datePublished\" datetime=\"2019-12-11T08:57:55+01:00\" >11. d\u00e9cembre 2019<\/time><span class='av-magazine-text-sep text-sep-date'>\/<\/span><span class=\"av-magazine-author minor-meta\">par <span class=\"av-magazine-author-link\"  itemprop=\"author\" ><span class='av-magazine-author meta-color vcard author'><span class='fn'><a href=https:\/\/ep-components.com\/fr\/blog\/author\/moiiris\/ title=\"par Moiiris\" rel=\"author\">Moiiris<\/a><\/span><\/span><\/span><\/span><h3 class='av-magazine-title entry-title'  itemprop=\"headline\" ><a href='https:\/\/ep-components.com\/fr\/blog\/2019\/12\/11\/the-4th-11-11-event-a-new-sales-record-and-tons-of-new-models\/' title='En lien avec : The 4th 11.11 Event &#8211; a new sales record and tons of new models'>The 4th 11.11 Event &#8211; a new sales record and tons of new models<\/a><\/h3><\/header><\/div><footer class='entry-footer'><\/footer><\/article><\/div><\/div><\/div>\n<\/div><\/div><\/div><!-- close content main div --><\/div><\/div><div id='after_section_3' class='main_color av_default_container_wrap container_wrap sidebar_right'   ><div class='container' ><div class='template-page content  av-content-small alpha units'><div class='post-entry post-entry-type-page post-entry-1417'><div class='entry-content-wrapper clearfix'><\/p>\n","protected":false},"excerpt":{"rendered":"","protected":false},"author":1,"featured_media":0,"parent":0,"menu_order":94,"comment_status":"closed","ping_status":"closed","template":"","meta":[],"_links":{"self":[{"href":"https:\/\/ep-components.com\/fr\/wp-json\/wp\/v2\/pages\/1417"}],"collection":[{"href":"https:\/\/ep-components.com\/fr\/wp-json\/wp\/v2\/pages"}],"about":[{"href":"https:\/\/ep-components.com\/fr\/wp-json\/wp\/v2\/types\/page"}],"author":[{"embeddable":true,"href":"https:\/\/ep-components.com\/fr\/wp-json\/wp\/v2\/users\/1"}],"replies":[{"embeddable":true,"href":"https:\/\/ep-components.com\/fr\/wp-json\/wp\/v2\/comments?post=1417"}],"version-history":[{"count":4,"href":"https:\/\/ep-components.com\/fr\/wp-json\/wp\/v2\/pages\/1417\/revisions"}],"predecessor-version":[{"id":4498,"href":"https:\/\/ep-components.com\/fr\/wp-json\/wp\/v2\/pages\/1417\/revisions\/4498"}],"wp:attachment":[{"href":"https:\/\/ep-components.com\/fr\/wp-json\/wp\/v2\/media?parent=1417"}],"curies":[{"name":"wp","href":"https:\/\/api.w.org\/{rel}","templated":true}]}}