{"id":3189,"date":"2017-06-19T13:03:20","date_gmt":"2017-06-19T11:03:20","guid":{"rendered":"https:\/\/ep-equipment.eu\/products\/"},"modified":"2017-12-04T10:17:32","modified_gmt":"2017-12-04T09:17:32","slug":"products","status":"publish","type":"page","link":"https:\/\/ep-components.com\/fr\/products\/","title":{"rendered":"Nos Produits"},"content":{"rendered":"<div id='layer_slider_1' class='avia-layerslider main_color avia-shadow  container_wrap sidebar_right'    style='height: 401px;' ><\/div>\n<\/div><\/div><\/div><!-- close content main div --><\/div><\/div><div id='av_section_1' class='avia-section main_color avia-section-small avia-no-border-styling avia-bg-style-scroll   container_wrap sidebar_right'   ><div class='container' ><div class='template-page content  av-content-small alpha units'><div class='post-entry post-entry-type-page post-entry-3189'><div class='entry-content-wrapper clearfix'>\n<section class=\"av_textblock_section \"  itemscope=\"itemscope\" itemtype=\"https:\/\/schema.org\/CreativeWork\" ><div class='avia_textblock  '   itemprop=\"text\" ><p style=\"text-align: center;\">Chez EP Equipment, nous croyons en des produits qui fonctionnent tout simplement. Notre vision est de cr\u00e9er des outils simples mais puissants qui soutiennent les op\u00e9rations quotidiennes de nos clients \u00e0 un prix raisonnable.<\/p>\n<p style=\"text-align: center;\">Selon l\u2019utilisation, nous proposons une gamme de produits large qui r\u00e9pond aux besoins individuels de chaque client. D\u2019une op\u00e9ration occasionnelle jusqu\u2019\u00e0 une application \u00e0 haute fr\u00e9quence comme des centres de distribution.<\/p>\n<p style=\"text-align: center;\">D\u00e9couvre nos produits maintenant ou contactez-nous par E-mail, t\u00e9l\u00e9phone, WhatsApp ou WeChat. Nous sommes l\u00e0 pour vous soutenir\u00a0!<\/p>\n<\/div><\/section>\n<section class=\"av_textblock_section \"  itemscope=\"itemscope\" itemtype=\"https:\/\/schema.org\/CreativeWork\" ><div class='avia_textblock  '   itemprop=\"text\" ><p style=\"text-align: center;\"><span class=\"pdf-icon av_font_icon avia_animate_when_visible av-icon-style-  av-no-color avia-icon-pos-left  avia_start_animation avia_start_delayed_animation\" style=\"\"><span class=\"av-icon-char\" style=\"font-size:20px;line-height:20px;\" aria-hidden=\"true\" data-av_icon=\"\uf1c1\" data-av_iconfont=\"software\"><\/span><\/span>\u00a0ID du t\u00e9l\u00e9chargement invalide.<\/p>\n<\/div><\/section>\n<\/div><\/div><\/div><!-- close content main div --><\/div><\/div><div id='after_section_1' class='main_color av_default_container_wrap container_wrap sidebar_right'   ><div class='container' ><div class='template-page content  av-content-small alpha units'><div class='post-entry post-entry-type-page post-entry-3189'><div class='entry-content-wrapper clearfix'><\/div><\/div><\/div><!-- close content main div --><\/div><\/div><div id='av_section_2' class='avia-section main_color avia-section-no-padding avia-no-border-styling avia-bg-style-scroll   container_wrap sidebar_right'   ><div class='container' ><div class='template-page content  av-content-small alpha units'><div class='post-entry post-entry-type-page post-entry-3189'><div class='entry-content-wrapper clearfix'>\n<div class='flex_column_table av-equal-height-column-flextable -flextable' ><div class=\"flex_column av_one_third  no_margin flex_column_table_cell av-equal-height-column av-align-top first  \" style='padding:20px; background-color:#e2e2e2; border-radius:0px; '><p><div style='padding-bottom:10px;font-size:28px;' class='av-special-heading av-special-heading-h3  blockquote modern-quote  av-inherit-size '><h3 class='av-special-heading-tag '  itemprop=\"headline\"  ><img class=\"menu-img\" src=\"\/wp-content\/uploads\/sites\/4\/2017\/06\/menu-img-pallet-trucks.png\" \/>Transpalettes<\/h3><div class='special-heading-border'><div class='special-heading-inner-border' ><\/div><\/div><\/div><br \/>\n<section class=\"av_textblock_section \"  itemscope=\"itemscope\" itemtype=\"https:\/\/schema.org\/CreativeWork\" ><div class='avia_textblock  '   itemprop=\"text\" ><ul><\/ul>\n<\/div><\/section><\/p><\/div><\/div><!--close column table wrapper. Autoclose: 1 --><div class='flex_column_table av-equal-height-column-flextable -flextable' ><div class=\"flex_column av_one_third  no_margin flex_column_table_cell av-equal-height-column av-align-top   \" style='padding:20px; border-radius:0px; '><p><div style='padding-bottom:10px;font-size:28px;' class='av-special-heading av-special-heading-h3  blockquote modern-quote  av-inherit-size '><h3 class='av-special-heading-tag '  itemprop=\"headline\"  ><img class=\"menu-img\" src=\"\/wp-content\/uploads\/sites\/4\/2017\/06\/menu-img-stacker.png\" \/>Gerbeurs<\/h3><div class='special-heading-border'><div class='special-heading-inner-border' ><\/div><\/div><\/div><br \/>\n<section class=\"av_textblock_section \"  itemscope=\"itemscope\" itemtype=\"https:\/\/schema.org\/CreativeWork\" ><div class='avia_textblock  '   itemprop=\"text\" ><ul><\/ul>\n<\/div><\/section><\/p><\/div><\/div><!--close column table wrapper. Autoclose: 1 --><div class='flex_column_table av-equal-height-column-flextable -flextable' ><div class=\"flex_column av_one_third  no_margin flex_column_table_cell av-equal-height-column av-align-top   \" style='padding:20px; background-color:#e2e2e2; border-radius:0px; '><p><div style='padding-bottom:10px;font-size:28px;' class='av-special-heading av-special-heading-h3  blockquote modern-quote  av-inherit-size '><h3 class='av-special-heading-tag '  itemprop=\"headline\"  ><img class=\"menu-img\" src=\"\/wp-content\/uploads\/sites\/4\/2017\/06\/menu-img-order-picker.png\" \/>Pr\u00e9parateurs de commandes<\/h3><div class='special-heading-border'><div class='special-heading-inner-border' ><\/div><\/div><\/div><br \/>\n<section class=\"av_textblock_section \"  itemscope=\"itemscope\" itemtype=\"https:\/\/schema.org\/CreativeWork\" ><div class='avia_textblock  '   itemprop=\"text\" ><ul><\/ul>\n<\/div><\/section><\/p><\/div><\/div><!--close column table wrapper. Autoclose: 1 --><div class='flex_column_table av-equal-height-column-flextable -flextable' ><div class=\"flex_column av_one_third  no_margin flex_column_table_cell av-equal-height-column av-align-top first  \" style='padding:20px; border-radius:0px; '><p><div style='padding-bottom:10px;font-size:28px;' class='av-special-heading av-special-heading-h3  blockquote modern-quote   av-inherit-size '><h3 class='av-special-heading-tag '  itemprop=\"headline\"  ><img class=\"menu-img\" src=\"\/wp-content\/uploads\/sites\/4\/2017\/09\/menu-img-towing-tractor.png\" \/>Tow Tractor<\/h3><div class='special-heading-border'><div class='special-heading-inner-border' ><\/div><\/div><\/div><br \/>\n<section class=\"av_textblock_section \"  itemscope=\"itemscope\" itemtype=\"https:\/\/schema.org\/CreativeWork\" ><div class='avia_textblock  '   itemprop=\"text\" ><ul><\/ul>\n<\/div><\/section><\/p><\/div><\/div><!--close column table wrapper. Autoclose: 1 --><div class='flex_column_table av-equal-height-column-flextable -flextable' ><div class=\"flex_column av_one_third  no_margin flex_column_table_cell av-equal-height-column av-align-top   \" style='padding:20px; background-color:#e2e2e2; border-radius:0px; '><p><div style='padding-bottom:10px;font-size:28px;' class='av-special-heading av-special-heading-h3  blockquote modern-quote   av-inherit-size '><h3 class='av-special-heading-tag '  itemprop=\"headline\"  ><img class=\"menu-img\" src=\"\/wp-content\/uploads\/sites\/4\/2017\/09\/menu-img-electric-forklift.png\" \/>Electric Forklift<\/h3><div class='special-heading-border'><div class='special-heading-inner-border' ><\/div><\/div><\/div><br \/>\n<section class=\"av_textblock_section \"  itemscope=\"itemscope\" itemtype=\"https:\/\/schema.org\/CreativeWork\" ><div class='avia_textblock  '   itemprop=\"text\" ><ul><\/ul>\n<\/div><\/section><\/p><\/div><\/div><!--close column table wrapper. Autoclose: 1 --><div class='flex_column_table av-equal-height-column-flextable -flextable' ><div class=\"flex_column av_one_third  no_margin flex_column_table_cell av-equal-height-column av-align-top   \" style='padding:20px; border-radius:0px; '><\/div><\/div><!--close column table wrapper. Autoclose: 1 --><div style='height:50px' class='hr hr-invisible  '><span class='hr-inner ' ><span class='hr-inner-style'><\/span><\/span><\/div>\n<\/div><\/div><\/div><!-- close content main div --><\/div><\/div><div id='after_section_2' class='main_color av_default_container_wrap container_wrap sidebar_right'   ><div class='container' ><div class='template-page content  av-content-small alpha units'><div class='post-entry post-entry-type-page post-entry-3189'><div class='entry-content-wrapper clearfix'><\/p>\n","protected":false},"excerpt":{"rendered":"","protected":false},"author":1,"featured_media":0,"parent":0,"menu_order":97,"comment_status":"closed","ping_status":"closed","template":"","meta":[],"_links":{"self":[{"href":"https:\/\/ep-components.com\/fr\/wp-json\/wp\/v2\/pages\/3189"}],"collection":[{"href":"https:\/\/ep-components.com\/fr\/wp-json\/wp\/v2\/pages"}],"about":[{"href":"https:\/\/ep-components.com\/fr\/wp-json\/wp\/v2\/types\/page"}],"author":[{"embeddable":true,"href":"https:\/\/ep-components.com\/fr\/wp-json\/wp\/v2\/users\/1"}],"replies":[{"embeddable":true,"href":"https:\/\/ep-components.com\/fr\/wp-json\/wp\/v2\/comments?post=3189"}],"version-history":[{"count":2,"href":"https:\/\/ep-components.com\/fr\/wp-json\/wp\/v2\/pages\/3189\/revisions"}],"predecessor-version":[{"id":4474,"href":"https:\/\/ep-components.com\/fr\/wp-json\/wp\/v2\/pages\/3189\/revisions\/4474"}],"wp:attachment":[{"href":"https:\/\/ep-components.com\/fr\/wp-json\/wp\/v2\/media?parent=3189"}],"curies":[{"name":"wp","href":"https:\/\/api.w.org\/{rel}","templated":true}]}}