{"id":4267,"date":"2017-12-04T10:22:15","date_gmt":"2017-12-04T09:22:15","guid":{"rendered":"https:\/\/ep-equipment.eu\/?page_id=4267"},"modified":"2017-12-04T10:22:15","modified_gmt":"2017-12-04T09:22:15","slug":"entreprise","status":"publish","type":"page","link":"https:\/\/ep-components.com\/fr\/entreprise\/","title":{"rendered":"Entreprise"},"content":{"rendered":"<div id='layer_slider_1' class='avia-layerslider main_color avia-shadow  container_wrap sidebar_right'    style='height: 401px;' ><\/div>\n<\/div><\/div><\/div><!-- close content main div --><\/div><\/div><div id='iconboxes' class='avia-section main_color avia-section-default avia-no-border-styling avia-bg-style-scroll   container_wrap sidebar_right'   ><div class='container' ><div class='template-page content  av-content-small alpha units'><div class='post-entry post-entry-type-page post-entry-4267'><div class='entry-content-wrapper clearfix'>\n<div class='flex_column_table av-equal-height-column-flextable -flextable' ><div class=\"flex_column av_one_fourth  flex_column_table_cell av-equal-height-column av-align-top av-zero-column-padding first  \" style='border-radius:0px; '><article class=\"iconbox iconbox_top main_color    \"  itemscope=\"itemscope\" itemtype=\"https:\/\/schema.org\/CreativeWork\" ><div class=\"iconbox_content\"><header class=\"entry-content-header\"><div class=\"iconbox_icon heading-color \" aria-hidden='true' data-av_icon='\ue82a' data-av_iconfont='entypo-fontello'  ><\/div><h3 class='iconbox_content_title '  itemprop=\"headline\"  >20 ans d\u2019exp\u00e9rience<\/h3><\/header><div class='iconbox_content_container  '  itemprop=\"text\"  ><p>Commence dans la branche il y plus que 20 ans<\/p>\n<\/div><\/div><footer class=\"entry-footer\"><\/footer><\/article><\/div><\/div><!--close column table wrapper. Autoclose: 1 --><div class='flex_column_table av-equal-height-column-flextable -flextable' ><div class='av-flex-placeholder'><\/div><div class=\"flex_column av_one_fourth  flex_column_table_cell av-equal-height-column av-align-top av-zero-column-padding   \" style='border-radius:0px; '><article class=\"iconbox iconbox_top main_color    \"  itemscope=\"itemscope\" itemtype=\"https:\/\/schema.org\/CreativeWork\" ><div class=\"iconbox_content\"><header class=\"entry-content-header\"><div class=\"iconbox_icon heading-color \" aria-hidden='true' data-av_icon='\ue821' data-av_iconfont='entypo-fontello'  ><\/div><h3 class='iconbox_content_title '  itemprop=\"headline\"  >250.000 m\u00b2<\/h3><\/header><div class='iconbox_content_container  '  itemprop=\"text\"  ><p>Plus que 250.000m\u00b2 facilit\u00e9s de production et d\u2019usines en Chine et les Etats-Unis.<\/p>\n<\/div><\/div><footer class=\"entry-footer\"><\/footer><\/article><\/div><\/div><!--close column table wrapper. Autoclose: 1 --><div class='flex_column_table av-equal-height-column-flextable -flextable' ><div class='av-flex-placeholder'><\/div><div class=\"flex_column av_one_fourth  flex_column_table_cell av-equal-height-column av-align-top av-zero-column-padding   \" style='border-radius:0px; '><article class=\"iconbox iconbox_top main_color    \"  itemscope=\"itemscope\" itemtype=\"https:\/\/schema.org\/CreativeWork\" ><div class=\"iconbox_content\"><header class=\"entry-content-header\"><div class=\"iconbox_icon heading-color \" aria-hidden='true' data-av_icon='\ue80b' data-av_iconfont='entypo-fontello'  ><\/div><h3 class='iconbox_content_title '  itemprop=\"headline\"  >1.000+<\/h3><\/header><div class='iconbox_content_container  '  itemprop=\"text\"  ><p>Plus de 1.000 employ\u00e9s dans le monde entier.<\/p>\n<\/div><\/div><footer class=\"entry-footer\"><\/footer><\/article><\/div><\/div><!--close column table wrapper. Autoclose: 1 --><div class='flex_column_table av-equal-height-column-flextable -flextable' ><div class='av-flex-placeholder'><\/div><div class=\"flex_column av_one_fourth  flex_column_table_cell av-equal-height-column av-align-top av-zero-column-padding   \" style='border-radius:0px; '><article class=\"iconbox iconbox_top main_color    \"  itemscope=\"itemscope\" itemtype=\"https:\/\/schema.org\/CreativeWork\" ><div class=\"iconbox_content\"><header class=\"entry-content-header\"><div class=\"iconbox_icon heading-color \" aria-hidden='true' data-av_icon='\ue8c6' data-av_iconfont='entypo-fontello'  ><\/div><h3 class='iconbox_content_title '  itemprop=\"headline\"  >15%<\/h3><\/header><div class='iconbox_content_container  '  itemprop=\"text\"  ><p>Plus que 15% de croissance annuelle.<\/p>\n<\/div><\/div><footer class=\"entry-footer\"><\/footer><\/article><\/div><\/div><!--close column table wrapper. Autoclose: 1 --><\/div><\/div><\/div><!-- close content main div --><\/div><\/div><div id='after_section_1' class='main_color av_default_container_wrap container_wrap sidebar_right'   ><div class='container' ><div class='template-page content  av-content-small alpha units'><div class='post-entry post-entry-type-page post-entry-4267'><div class='entry-content-wrapper clearfix'><\/div><\/div><\/div><!-- close content main div --><\/div><\/div><div id='av_section_2' class='avia-section main_color avia-section-default avia-no-border-styling avia-bg-style-scroll   container_wrap sidebar_right' style = 'background-color: #e2e2e2; '  ><div class='container' ><div class='template-page content  av-content-small alpha units'><div class='post-entry post-entry-type-page post-entry-4267'><div class='entry-content-wrapper clearfix'>\n<section class=\"av_textblock_section \"  itemscope=\"itemscope\" itemtype=\"https:\/\/schema.org\/CreativeWork\" ><div class='avia_textblock  av_inherit_color '  style='font-size:20px; color:#777777; '  itemprop=\"text\" ><p>En 1993, le fondateur John He commence avec EP Equipment et depuis ce jour-l\u00e0, l\u2019entreprise devient de plus en plus grand. Depuis le d\u00e9but le focus d\u2019EP Equipment est sur le mat\u00e9riel de manutention \u00e9lectrique, et ce n\u2019est pas chang\u00e9. Au jour d\u2019aujourd\u2019hui, EP Equipment repr\u00e9sente de produits tr\u00e8s innovatif qui r\u00e9pondent au besoin de nos clients.<\/p>\n<\/div><\/section>\n<\/div><\/div><\/div><!-- close content main div --><\/div><\/div><div id='after_section_2' class='main_color av_default_container_wrap container_wrap sidebar_right'   ><div class='container' ><div class='template-page content  av-content-small alpha units'><div class='post-entry post-entry-type-page post-entry-4267'><div class='entry-content-wrapper clearfix'><\/div><\/div><\/div><!-- close content main div --><\/div><\/div><div id='company-icons' class='avia-section main_color avia-section-default avia-no-shadow avia-bg-style-scroll   container_wrap sidebar_right'   ><div class='container' ><div class='template-page content  av-content-small alpha units'><div class='post-entry post-entry-type-page post-entry-4267'><div class='entry-content-wrapper clearfix'>\n<div style='padding-bottom:10px;color:#c1342f;' class='av-special-heading av-special-heading-h3 custom-color-heading blockquote modern-quote modern-centered  '><h3 class='av-special-heading-tag '  itemprop=\"headline\"  >Nos buts<\/h3><div class='special-heading-border'><div class='special-heading-inner-border' style='border-color:#c1342f'><\/div><\/div><\/div>\n<section class=\"av_textblock_section \"  itemscope=\"itemscope\" itemtype=\"https:\/\/schema.org\/CreativeWork\" ><div class='avia_textblock  av_inherit_color '  style='font-size:20px; color:#777777; '  itemprop=\"text\" ><p>Avec le focus sur du magasinage \u00e9lectrique et le transport interne, EP est devenu un fournisseur d\u2019une gamme complet avec une production tr\u00e8s flexible qui peut r\u00e9pondre \u00e0 tous les demandes de nos clients.<\/p>\n<\/div><\/section>\n<div style='height:50px' class='hr hr-invisible  '><span class='hr-inner ' ><span class='hr-inner-style'><\/span><\/span><\/div>\n<div class=\"flex_column av_one_third  flex_column_div av-zero-column-padding first  \" style='border-radius:0px; '><p><span class=\"av_font_icon avia_animate_when_visible  av-icon-style-border  av-no-color avia-icon-pos-center \" style=\"\"><span class='av-icon-char' style='font-size:40px;line-height:40px;width:40px;' aria-hidden='true' data-av_icon='\ue855' data-av_iconfont='entypo-fontello' ><\/span><\/span><br \/>\n<div style='padding-bottom:10px;color:#c1342f;font-size:30px;' class='av-special-heading av-special-heading-h3 custom-color-heading blockquote modern-quote modern-centered  av-inherit-size '><h3 class='av-special-heading-tag '  itemprop=\"headline\"  >Travail ardu<\/h3><div class='special-heading-border'><div class='special-heading-inner-border' style='border-color:#c1342f'><\/div><\/div><\/div><\/p><\/div><div class=\"flex_column av_one_third  flex_column_div av-zero-column-padding   \" style='border-radius:0px; '><p><span class=\"av_font_icon avia_animate_when_visible  av-icon-style-border  av-no-color avia-icon-pos-center \" style=\"\"><span class='av-icon-char' style='font-size:40px;line-height:40px;width:40px;' aria-hidden='true' data-av_icon='\ue8d7' data-av_iconfont='entypo-fontello' ><\/span><\/span><br \/>\n<div style='padding-bottom:10px;color:#c1342f;font-size:30px;' class='av-special-heading av-special-heading-h3 custom-color-heading blockquote modern-quote modern-centered   av-inherit-size '><h3 class='av-special-heading-tag '  itemprop=\"headline\"  >Innovation<\/h3><div class='special-heading-border'><div class='special-heading-inner-border' style='border-color:#c1342f'><\/div><\/div><\/div><\/p><\/div><div class=\"flex_column av_one_third  flex_column_div av-zero-column-padding   \" style='border-radius:0px; '><p><span class=\"av_font_icon avia_animate_when_visible  av-icon-style-border  av-no-color avia-icon-pos-center \" style=\"\"><span class='av-icon-char' style='font-size:40px;line-height:40px;width:40px;' aria-hidden='true' data-av_icon='\ue82b' data-av_iconfont='entypo-fontello' ><\/span><\/span><br \/>\n<div style='padding-bottom:10px;color:#c1342f;font-size:30px;' class='av-special-heading av-special-heading-h3 custom-color-heading blockquote modern-quote modern-centered   av-inherit-size '><h3 class='av-special-heading-tag '  itemprop=\"headline\"  >Service<\/h3><div class='special-heading-border'><div class='special-heading-inner-border' style='border-color:#c1342f'><\/div><\/div><\/div><\/p><\/div><\/div><\/div><\/div><!-- close content main div --><\/div><\/div><div id='after_section_3' class='main_color av_default_container_wrap container_wrap sidebar_right'   ><div class='container' ><div class='template-page content  av-content-small alpha units'><div class='post-entry post-entry-type-page post-entry-4267'><div class='entry-content-wrapper clearfix'><\/div><\/div><\/div><!-- close content main div --><\/div><\/div><div id='timeline' class='avia-section main_color avia-section-default avia-no-border-styling avia-bg-style-scroll   container_wrap sidebar_right' style = 'background-color: #e2e2e2; '  ><div class='container' ><div class='template-page content  av-content-small alpha units'><div class='post-entry post-entry-type-page post-entry-4267'><div class='entry-content-wrapper clearfix'>\n<div style='padding-bottom:10px;font-size:40px;' class='av-special-heading av-special-heading-h4 custom-color-heading blockquote modern-quote modern-centered  av-inherit-size '><h4 class='av-special-heading-tag '  itemprop=\"headline\"  >Historique<\/h4><div class='special-heading-border'><div class='special-heading-inner-border' ><\/div><\/div><\/div>\n<div style='height:50px' class='hr hr-invisible  '><span class='hr-inner ' ><span class='hr-inner-style'><\/span><\/span><\/div>\n<section class=\"avia_codeblock_section  avia_code_block_0\"  itemscope=\"itemscope\" itemtype=\"https:\/\/schema.org\/CreativeWork\" ><div class='avia_codeblock '  itemprop=\"text\" > [avia_codeblock_placeholder uid=\"0\"] <\/div><\/section>\n<\/div><\/div><\/div><!-- close content main div --><\/div><\/div><div id='after_section_4' class='main_color av_default_container_wrap container_wrap sidebar_right'   ><div class='container' ><div class='template-page content  av-content-small alpha units'><div class='post-entry post-entry-type-page post-entry-4267'><div class='entry-content-wrapper clearfix'><div id='layer_slider_2' class='avia-layerslider main_color avia-shadow  container_wrap sidebar_right'    style='height: 401px;' ><\/div><\/p>\n<\/div><\/div><\/div><!-- close content main div --><\/div><\/div><div id='av_section_5' class='avia-section main_color avia-section-default avia-no-border-styling avia-bg-style-scroll   container_wrap sidebar_right'   ><div class='container' ><div class='template-page content  av-content-small alpha units'><div class='post-entry post-entry-type-page post-entry-4267'><div class='entry-content-wrapper clearfix'>\n<section class=\"av_textblock_section \"  itemscope=\"itemscope\" itemtype=\"https:\/\/schema.org\/CreativeWork\" ><div class='avia_textblock  av_inherit_color '  style='font-size:20px; color:#777777; '  itemprop=\"text\" ><p>EP Equipment est devenue une entreprise internationale qui est active sur les 3 continents le plus importants. Les employeurs sont orient\u00e9s sur des solutions et tr\u00e8s motiv\u00e9.<\/p>\n<p>La production centrale en Chine, ainsi une usine et un d\u00e9partement de contr\u00f4le en Etats-Unis garantie des produits d\u2019une tr\u00e8s bonne qualit\u00e9 avec un prix correcte. Pendant la production d\u2019un transpalette \u00e9lectrique il s\u2019agit de garder la balance entre les besoins de l\u2019utilisateur et un prix attractive.<\/p>\n<p>EP Equipment offre une gamme des produits large pour r\u00e9pondre aux besoins des clients. D\u2019une utilisation occasionnelle \u00e0 un syst\u00e8me d\u2019\u00e9quipes 24\/7 ou de l\u2019entrepreneur qui commence \u00e0 une entreprise internationale.<\/p>\n<p>Gr\u00e2ce \u00e0 la combinaison des fournisseurs mondial, une connexion forte avec des producteurs de moteur allemand et des pi\u00e8ces de rechange produit par EP m\u00eame nous pouvons construire une machine pour chaque application.<\/p>\n<\/div><\/section>\n<\/div><\/div><\/div><!-- close content main div --><\/div><\/div><div id='after_section_5' class='main_color av_default_container_wrap container_wrap sidebar_right'   ><div class='container' ><div class='template-page content  av-content-small alpha units'><div class='post-entry post-entry-type-page post-entry-4267'><div class='entry-content-wrapper clearfix'>\n","protected":false},"excerpt":{"rendered":"","protected":false},"author":6,"featured_media":0,"parent":0,"menu_order":186,"comment_status":"closed","ping_status":"closed","template":"","meta":[],"_links":{"self":[{"href":"https:\/\/ep-components.com\/fr\/wp-json\/wp\/v2\/pages\/4267"}],"collection":[{"href":"https:\/\/ep-components.com\/fr\/wp-json\/wp\/v2\/pages"}],"about":[{"href":"https:\/\/ep-components.com\/fr\/wp-json\/wp\/v2\/types\/page"}],"author":[{"embeddable":true,"href":"https:\/\/ep-components.com\/fr\/wp-json\/wp\/v2\/users\/6"}],"replies":[{"embeddable":true,"href":"https:\/\/ep-components.com\/fr\/wp-json\/wp\/v2\/comments?post=4267"}],"version-history":[{"count":3,"href":"https:\/\/ep-components.com\/fr\/wp-json\/wp\/v2\/pages\/4267\/revisions"}],"predecessor-version":[{"id":4490,"href":"https:\/\/ep-components.com\/fr\/wp-json\/wp\/v2\/pages\/4267\/revisions\/4490"}],"wp:attachment":[{"href":"https:\/\/ep-components.com\/fr\/wp-json\/wp\/v2\/media?parent=4267"}],"curies":[{"name":"wp","href":"https:\/\/api.w.org\/{rel}","templated":true}]}}