{"id":4284,"date":"2017-12-04T10:24:11","date_gmt":"2017-12-04T09:24:11","guid":{"rendered":"https:\/\/ep-equipment.eu\/?page_id=4284"},"modified":"2017-12-04T12:06:12","modified_gmt":"2017-12-04T11:06:12","slug":"plan-du-site","status":"publish","type":"page","link":"https:\/\/ep-components.com\/fr\/plan-du-site\/","title":{"rendered":"Plan du site"},"content":{"rendered":"<div style='padding-bottom:10px;' class='av-special-heading av-special-heading-h1  blockquote modern-quote   '><h1 class='av-special-heading-tag '  itemprop=\"headline\"  >Plan du site<\/h1><div class='special-heading-border'><div class='special-heading-inner-border' ><\/div><\/div><\/div>\n<section class=\"av_textblock_section \"  itemscope=\"itemscope\" itemtype=\"https:\/\/schema.org\/CreativeWork\" ><div class='avia_textblock  '   itemprop=\"text\" ><p>Ici, vous trouverez le plan du site:<\/p>\n<ul><li><a href=\"https:\/\/ep-components.com\/fr\/\">EP EQUIPMENT<\/a><\/li>\n<li><a href=\"https:\/\/ep-components.com\/fr\/products\/\">Nos Produits<\/a>\n<ul class='children'>\n\t<li><a href=\"https:\/\/ep-components.com\/fr\/products\/ic-forklift\/\">IC Forklift<\/a><\/li>\n\t<li><a href=\"https:\/\/ep-components.com\/fr\/products\/chariot-elevateur-electrique\/\">Chariot \u00e9l\u00e9vateur \u00e9lectrique<\/a>\n\t<ul class='children'>\n\t\t<li><a href=\"https:\/\/ep-components.com\/fr\/products\/chariot-elevateur-electrique\/max-8-series-a-quatre-roues\/\">Max 8 Series &#8211; \u00e0 quatre roues<\/a><\/li>\n\t\t<li><a href=\"https:\/\/ep-components.com\/fr\/products\/chariot-elevateur-electrique\/max-8-series-3-wiel\/\">Max 8 Series &#8211; 3 wiel<\/a><\/li>\n\t<\/ul>\n<\/li>\n\t<li><a href=\"https:\/\/ep-components.com\/fr\/products\/tracteur-de-remorquage-electrique\/\">Tracteur de remorquage \u00e9lectrique<\/a>\n\t<ul class='children'>\n\t\t<li><a href=\"https:\/\/ep-components.com\/fr\/products\/tracteur-de-remorquage-electrique\/qdd30s\/\">QDD30S<\/a><\/li>\n\t\t<li><a href=\"https:\/\/ep-components.com\/fr\/products\/tracteur-de-remorquage-electrique\/qdd03\/\">QDD03<\/a><\/li>\n\t\t<li><a href=\"https:\/\/ep-components.com\/fr\/products\/tracteur-de-remorquage-electrique\/qdd30-60\/\">QDD30-60<\/a><\/li>\n\t\t<li><a href=\"https:\/\/ep-components.com\/fr\/products\/tracteur-de-remorquage-electrique\/qdd25p\/\">QDD25P<\/a><\/li>\n\t\t<li><a href=\"https:\/\/ep-components.com\/fr\/products\/tracteur-de-remorquage-electrique\/e-cart\/\">E-Cart<\/a><\/li>\n\t\t<li><a href=\"https:\/\/ep-components.com\/fr\/products\/tracteur-de-remorquage-electrique\/qdd10\/\">QDD10<\/a><\/li>\n\t<\/ul>\n<\/li>\n\t<li><a href=\"https:\/\/ep-components.com\/fr\/products\/preparateur-de-commandes\/\">Pr\u00e9parateur de commandes<\/a>\n\t<ul class='children'>\n\t\t<li><a href=\"https:\/\/ep-components.com\/fr\/products\/preparateur-de-commandes\/jx0\/\">JX0<\/a><\/li>\n\t\t<li><a href=\"https:\/\/ep-components.com\/fr\/products\/preparateur-de-commandes\/jx1\/\">JX1<\/a><\/li>\n\t<\/ul>\n<\/li>\n\t<li><a href=\"https:\/\/ep-components.com\/fr\/products\/preparateur-de-commandes-au-sol\/\">Pr\u00e9parateur de commandes au sol<\/a>\n\t<ul class='children'>\n\t\t<li><a href=\"https:\/\/ep-components.com\/fr\/products\/preparateur-de-commandes-au-sol\/ept20-rap\/\">EPT20-RAP<\/a><\/li>\n\t<\/ul>\n<\/li>\n\t<li><a href=\"https:\/\/ep-components.com\/fr\/products\/pallet-trucks\/\">Transpalettes \u00e9lectriques<\/a>\n\t<ul class='children'>\n\t\t<li><a href=\"https:\/\/ep-components.com\/fr\/products\/pallet-trucks\/ept20-rass\/\">EPT20-RASS<\/a><\/li>\n\t\t<li><a href=\"https:\/\/ep-components.com\/fr\/products\/pallet-trucks\/ept20-20wa\/\">EPT20-20WA<\/a><\/li>\n\t\t<li><a href=\"https:\/\/ep-components.com\/fr\/products\/pallet-trucks\/ept20-15ehj\/\">EPT20-15EHJ<\/a><\/li>\n\t\t<li><a href=\"https:\/\/ep-components.com\/fr\/products\/pallet-trucks\/ept12-ez\/\">EPT12-EZ<\/a><\/li>\n\t\t<li><a href=\"https:\/\/ep-components.com\/fr\/products\/pallet-trucks\/ept20-15et\/\">EPT20-15ET<\/a><\/li>\n\t<\/ul>\n<\/li>\n\t<li><a href=\"https:\/\/ep-components.com\/fr\/products\/stacker\/\">Gebeur<\/a>\n\t<ul class='children'>\n\t\t<li><a href=\"https:\/\/ep-components.com\/fr\/products\/stacker\/es10-10esj\/\">ES10-10ESJ<\/a><\/li>\n\t\t<li><a href=\"https:\/\/ep-components.com\/fr\/products\/stacker\/es12-12mm\/\">ES12-12MM<\/a><\/li>\n\t\t<li><a href=\"https:\/\/ep-components.com\/fr\/products\/stacker\/es12-12es\/\">ES12-12ES<\/a><\/li>\n\t\t<li><a href=\"https:\/\/ep-components.com\/fr\/products\/stacker\/es12-25wa\/\">ES12-25WA<\/a><\/li>\n\t<\/ul>\n<\/li>\n<\/ul>\n<\/li>\n<li><a href=\"https:\/\/ep-components.com\/fr\/nouvelles\/\">Nouvelles<\/a><\/li>\n<li><a href=\"https:\/\/ep-components.com\/fr\/entreprise\/\">Entreprise<\/a><\/li>\n<li><a href=\"https:\/\/ep-components.com\/fr\/contactez-nous\/\">Contactez-nous<\/a><\/li>\n<li><a href=\"https:\/\/ep-components.com\/fr\/telecharger\/\">T\u00e9l\u00e9charger<\/a><\/li>\n<li><a href=\"https:\/\/ep-components.com\/fr\/nos-coordonnees\/\">Nos coordonn\u00e9es<\/a><\/li>\n<li><a href=\"https:\/\/ep-components.com\/fr\/politique-de-confidentialite\/\">Politique de confidentialit\u00e9<\/a><\/li>\n<\/ul>\n<\/div><\/section>\n","protected":false},"excerpt":{"rendered":"","protected":false},"author":6,"featured_media":0,"parent":0,"menu_order":248,"comment_status":"closed","ping_status":"closed","template":"","meta":[],"_links":{"self":[{"href":"https:\/\/ep-components.com\/fr\/wp-json\/wp\/v2\/pages\/4284"}],"collection":[{"href":"https:\/\/ep-components.com\/fr\/wp-json\/wp\/v2\/pages"}],"about":[{"href":"https:\/\/ep-components.com\/fr\/wp-json\/wp\/v2\/types\/page"}],"author":[{"embeddable":true,"href":"https:\/\/ep-components.com\/fr\/wp-json\/wp\/v2\/users\/6"}],"replies":[{"embeddable":true,"href":"https:\/\/ep-components.com\/fr\/wp-json\/wp\/v2\/comments?post=4284"}],"version-history":[{"count":4,"href":"https:\/\/ep-components.com\/fr\/wp-json\/wp\/v2\/pages\/4284\/revisions"}],"predecessor-version":[{"id":4586,"href":"https:\/\/ep-components.com\/fr\/wp-json\/wp\/v2\/pages\/4284\/revisions\/4586"}],"wp:attachment":[{"href":"https:\/\/ep-components.com\/fr\/wp-json\/wp\/v2\/media?parent=4284"}],"curies":[{"name":"wp","href":"https:\/\/api.w.org\/{rel}","templated":true}]}}