{"id":4304,"date":"2017-12-04T11:09:21","date_gmt":"2017-12-04T10:09:21","guid":{"rendered":"https:\/\/ep-equipment.eu\/?page_id=4304"},"modified":"2017-12-04T11:09:21","modified_gmt":"2017-12-04T10:09:21","slug":"e-cart","status":"publish","type":"page","link":"https:\/\/ep-components.com\/fr\/products\/tracteur-de-remorquage-electrique\/e-cart\/","title":{"rendered":"E-Cart"},"content":{"rendered":"<div id='layer_slider_1' class='avia-layerslider main_color avia-shadow  container_wrap sidebar_right'    style='height: 401px;' ><\/div>\n<\/div><\/div><\/div><!-- close content main div --><\/div><\/div><div id='vgp-head' class='avia-section main_color avia-section-default avia-no-border-styling avia-bg-style-scroll   container_wrap sidebar_right'   ><div class='av-section-color-overlay-wrap'><a href='#next-section' title='' class='scroll-down-link' aria-hidden='true' data-av_icon='\ue877' data-av_iconfont='entypo-fontello'><\/a><div class='container' ><div class='template-page content  av-content-small alpha units'><div class='post-entry post-entry-type-page post-entry-4304'><div class='entry-content-wrapper clearfix'>\n<div class='flex_column_table av-equal-height-column-flextable -flextable' ><div class=\"flex_column av_one_full  no_margin flex_column_table_cell av-equal-height-column av-align-top av-zero-column-padding first  \" style='border-radius:0px; '><div style='padding-bottom:0px;' class='av-special-heading av-special-heading-h2  blockquote modern-quote modern-centered  '><h2 class='av-special-heading-tag '  itemprop=\"headline\"  >Produit<\/h2><div class ='av-subheading av-subheading_below  ' style='font-size:20px;'><p>Le E-Cart de EP Equipment est un tracteur pour chariots simples. Apr\u00e8s levage \u00e9lectrique, le chariot peut \u00eatre facilement conduit \u00e0 travers de l\u2019entrep\u00f4t. Id\u00e9al pour transporter n\u2019importe quel chariot, m\u00eame celui qui sont tr\u00e8s bas. Utilisez cette machine dans des entrep\u00f4ts, la distribution, \u2026<br \/>\nCet E-Cart est fourni avec une batterie Lithium-ion.<\/p>\n<\/div><div class='special-heading-border'><div class='special-heading-inner-border' ><\/div><\/div><\/div><\/div><\/div><!--close column table wrapper. Autoclose: 1 --><\/div><\/div><\/div><!-- close content main div --><\/div><\/div><\/div><div id='after_section_1' class='main_color av_default_container_wrap container_wrap sidebar_right'   ><div class='container' ><div class='template-page content  av-content-small alpha units'><div class='post-entry post-entry-type-page post-entry-4304'><div class='entry-content-wrapper clearfix'><\/div><\/div><\/div><!-- close content main div --><\/div><\/div><div id='vgp-slide-txt-right' class='avia-section main_color avia-section-no-padding avia-no-border-styling avia-bg-style-scroll   container_wrap sidebar_right'   ><div class='container' ><div class='template-page content  av-content-small alpha units'><div class='post-entry post-entry-type-page post-entry-4304'><div class='entry-content-wrapper clearfix'>\n<div  data-size='no scaling'  data-lightbox_size='large'  data-animation='slide'  data-ids='3776'  data-video_counter='0'  data-autoplay='true'  data-bg_slider='false'  data-slide_height=''  data-handle='av_slideshow'  data-interval='5'  data-class=' '  data-css_id=''  data-scroll_down=''  data-control_layout='av-control-default'  data-custom_markup=''  data-perma_caption=''  data-autoplay_stopper=''  data-image_attachment=''  data-min_height='0px'  class='avia-slideshow avia-slideshow-1  av-control-default avia-slideshow-no scaling av_slideshow   avia-slide-slider '  itemscope=\"itemscope\" itemtype=\"https:\/\/schema.org\/ImageObject\" ><ul class='avia-slideshow-inner' ><\/ul><\/div>\n<\/div><\/div><\/div><!-- close content main div --><\/div><\/div><div id='after_section_2' class='main_color av_default_container_wrap container_wrap sidebar_right'   ><div class='container' ><div class='template-page content  av-content-small alpha units'><div class='post-entry post-entry-type-page post-entry-4304'><div class='entry-content-wrapper clearfix'><\/p>\n<\/div><\/div><\/div><!-- close content main div --><\/div><\/div><div id='downloads' class='avia-section main_color avia-section-default avia-no-border-styling avia-bg-style-scroll   container_wrap sidebar_right'   ><div class='container' ><div class='template-page content  av-content-small alpha units'><div class='post-entry post-entry-type-page post-entry-4304'><div class='entry-content-wrapper clearfix'>\n<div class='flex_column_table av-equal-height-column-flextable -flextable' ><div class=\"flex_column av_one_full  flex_column_table_cell av-equal-height-column av-align-top av-zero-column-padding first  \" style='border-radius:0px; '><div style='padding-bottom:0px;' class='av-special-heading av-special-heading-h2  blockquote modern-quote modern-centered  '><h2 class='av-special-heading-tag '  itemprop=\"headline\"  >T\u00e9l\u00e9charger<\/h2><div class='special-heading-border'><div class='special-heading-inner-border' ><\/div><\/div><\/div><\/div><\/div><!--close column table wrapper. Autoclose: 1 --><div class='flex_column_table av-equal-height-column-flextable -flextable' ><div class=\"flex_column av_one_full  flex_column_table_cell av-equal-height-column av-align-top av-zero-column-padding first  \" style='border-radius:0px; '><section class=\"av_textblock_section \"  itemscope=\"itemscope\" itemtype=\"https:\/\/schema.org\/CreativeWork\" ><div class='avia_textblock  '   itemprop=\"text\" ><p style=\"text-align: center;\"><span class=\"pdf-icon av_font_icon avia_animate_when_visible av-icon-style-  av-no-color avia-icon-pos-left  avia_start_animation avia_start_delayed_animation\" style=\"\"><span class=\"av-icon-char\" style=\"font-size:20px;line-height:20px;\" aria-hidden=\"true\" data-av_icon=\"\uf1c1\" data-av_iconfont=\"software\"><\/span><\/span> ID du t\u00e9l\u00e9chargement invalide.<\/p>\n<\/div><\/section><\/div><\/div><!--close column table wrapper. Autoclose: 1 --><\/div><\/div><\/div><!-- close content main div --><\/div><\/div><div id='after_section_3' class='main_color av_default_container_wrap container_wrap sidebar_right'   ><div class='container' ><div class='template-page content  av-content-small alpha units'><div class='post-entry post-entry-type-page post-entry-4304'><div class='entry-content-wrapper clearfix'><\/div><\/div><\/div><!-- close content main div --><\/div><\/div><div id='product-portfolio' class='avia-section main_color avia-section-default avia-no-border-styling avia-bg-style-scroll   container_wrap sidebar_right'   ><div class='container' ><div class='template-page content  av-content-small alpha units'><div class='post-entry post-entry-type-page post-entry-4304'><div class='entry-content-wrapper clearfix'>\n<div class='flex_column_table av-equal-height-column-flextable -flextable' ><div class=\"flex_column av_one_full  no_margin flex_column_table_cell av-equal-height-column av-align-top av-zero-column-padding first  \" style='border-radius:0px; '><div style='padding-bottom:0px;' class='av-special-heading av-special-heading-h2  blockquote modern-quote modern-centered  '><h2 class='av-special-heading-tag '  itemprop=\"headline\"  >Portfolio du produit<\/h2><div class ='av-subheading av-subheading_below  ' style='font-size:20px;'><p>EP Equipment vous offre diff\u00e9rents produits pour diff\u00e9rentes applications. Trouvez la machine qui vous convient le mieux.<\/p>\n<\/div><div class='special-heading-border'><div class='special-heading-inner-border' ><\/div><\/div><\/div><\/div><\/div><!--close column table wrapper. Autoclose: 1 --><\/div><\/div><\/div><!-- close content main div --><\/div><\/div><div id='after_section_4' class='main_color av_default_container_wrap container_wrap sidebar_right'   ><div class='container' ><div class='template-page content  av-content-small alpha units'><div class='post-entry post-entry-type-page post-entry-4304'><div class='entry-content-wrapper clearfix'><\/div><\/div><\/div><!-- close content main div --><\/div><\/div><div id='compare-table' class='avia-section main_color avia-section-default avia-no-border-styling avia-full-stretch avia-bg-style-scroll   av-small-hide av-mini-hide container_wrap sidebar_right' style = 'background-color: #e2e2e2; background-repeat: no-repeat; background-image: url(https:\/\/ep-ep.com\/ep-components\/wp-content\/uploads\/sites\/4\/2017\/03\/compare-bg.jpg); background-attachment: scroll; background-position: center center; ' data-section-bg-repeat='stretch' ><div class='container' ><div class='template-page content  av-content-small alpha units'><div class='post-entry post-entry-type-page post-entry-4304'><div class='entry-content-wrapper clearfix'>\n<div class='flex_column_table av-equal-height-column-flextable -flextable' ><div class=\"flex_column av_one_fourth  flex_column_table_cell av-equal-height-column av-align-middle av-zero-column-padding first  \" style='border-radius:0px; '><\/div><\/div><!--close column table wrapper. Autoclose: 1 --><div class='flex_column_table av-equal-height-column-flextable -flextable' ><div class='av-flex-placeholder'><\/div><div class=\"flex_column av_one_half  flex_column_table_cell av-equal-height-column av-align-middle av-zero-column-padding   \" style='border-radius:0px; '><div class='avia-data-table-wrap avia_scrollable_table'><table class='avia-table avia-data-table avia-table-1  avia_pricing_default '  itemscope=\"itemscope\" itemtype=\"https:\/\/schema.org\/Table\" ><tbody><tr class='avia-heading-row'><th class=''><a href=\"#\">E-Cart<\/a><\/th><\/tr><tr class=''><td class=''><img src=\"\/wp-content\/uploads\/sites\/4\/2017\/10\/e-cart.jpg\" \/><\/td><\/tr><tr class=''><td class=''><span class=\"tablehead\">Capacit\u00e9<\/span><br \/>\n200kg<\/td><\/tr><tr class=''><td class=''><span class=\"tablehead\">Vitesse<\/span><br \/>\n5km\/h<\/td><\/tr><tr class=''><td class=''><span class=\"tablehead\">Capacit\u00e9 de la batterie<\/span><br \/>\n24V\/50Ah<\/td><\/tr><tr class=''><td class=''><span class=\"tablehead\">Controller<\/span><br \/>\nDC<\/td><\/tr><tr class=''><td class=''><span class=\"tablehead\">Chargeur embarqu\u00e9<\/span><br \/>\n<\/td><\/tr><\/tbody><\/table><\/div><\/div><\/div><!--close column table wrapper. Autoclose: 1 --><div class='flex_column_table av-equal-height-column-flextable -flextable' ><div class='av-flex-placeholder'><\/div><div class=\"flex_column av_one_fourth  flex_column_table_cell av-equal-height-column av-align-middle av-zero-column-padding   \" style='border-radius:0px; '><\/div><\/div><!--close column table wrapper. Autoclose: 1 --><\/div><\/div><\/div><!-- close content main div --><\/div><\/div><div id='after_section_5' class='main_color av_default_container_wrap container_wrap sidebar_right'   ><div class='container' ><div class='template-page content  av-content-small alpha units'><div class='post-entry post-entry-type-page post-entry-4304'><div class='entry-content-wrapper clearfix'><\/div><\/div><\/div><!-- close content main div --><\/div><\/div><div id='compare-table-mobile' class='av-tab-section-container entry-content-wrapper main_color av-tab-no-transition   av-desktop-hide av-medium-hide av-tab-above-content  container_wrap sidebar_right'   ><div class='av-tab-section-outer-container'><div class='av-tab-section-tab-title-container avia-tab-title-padding-default ' ><a href='#e-cart' data-av-tab-section-title='1' class='av-section-tab-title av-active-tab-title av-tab-no-icon av-tab-no-image  '><span class='av-outer-tab-title'><span class='av-inner-tab-title'>E-Cart<\/span><\/span><span class='av-tab-arrow-container'><span><\/span><\/span><\/a><\/div><div class='av-tab-section-inner-container avia-section-default' style='width:100vw; left:0%;'><span class='av_prev_tab_section av_tab_navigation'><\/span><span class='av_next_tab_section av_tab_navigation'><\/span>\n<div data-av-tab-section-content=\"1\" class=\"av-layout-tab av-animation-delay-container av-active-tab-content __av_init_open   \" style='vertical-align:top; '  data-tab-section-id=\"e-cart\"><div class='av-layout-tab-inner'><div class='container'><div class='avia-data-table-wrap avia_scrollable_table'><table class='avia-table avia-data-table avia-table-2  avia_pricing_default '  itemscope=\"itemscope\" itemtype=\"https:\/\/schema.org\/Table\" ><tbody><tr class='avia-heading-row'><th class=''><a href=\"#\">E-Cart<\/a><\/th><\/tr><tr class=''><td class=''><img src=\"\/wp-content\/uploads\/sites\/4\/2017\/10\/e-cart.jpg\" \/><\/td><\/tr><tr class=''><td class=''><span class=\"tablehead\">Capacit\u00e9<\/span><br \/>\n200kg<\/td><\/tr><tr class=''><td class=''><span class=\"tablehead\">Vitesse<\/span><br \/>\n5km\/h<\/td><\/tr><tr class=''><td class=''><span class=\"tablehead\">Capacit\u00e9 de la batterie<\/span><br \/>\n24V\/50Ah<\/td><\/tr><tr class=''><td class=''><span class=\"tablehead\">Controller<\/span><br \/>\nDC<\/td><\/tr><tr class=''><td class=''><span class=\"tablehead\">Chargeur embarqu\u00e9<\/span><br \/>\n<\/td><\/tr><\/tbody><\/table><\/div>\n<\/div><\/div><\/div><\/div><\/div><\/div><\/div><\/div><\/div><!-- close content main div --><\/div><\/div><div id='vgp-head' class='avia-section main_color avia-section-default avia-no-border-styling avia-bg-style-scroll   container_wrap sidebar_right'   ><div class='container' ><div class='template-page content  av-content-small alpha units'><div class='post-entry post-entry-type-page post-entry-4304'><div class='entry-content-wrapper clearfix'>\n<div class='flex_column_table av-equal-height-column-flextable -flextable' ><div class=\"flex_column av_one_fifth  av-hide-on-mobile  no_margin flex_column_table_cell av-equal-height-column av-align-top av-zero-column-padding first  \" style='border-radius:0px; '><\/div><\/div><!--close column table wrapper. Autoclose: 1 --><div class='flex_column_table av-equal-height-column-flextable -flextable' ><div class=\"flex_column av_three_fifth  av-animated-generic fade-in  no_margin flex_column_table_cell av-equal-height-column av-align-top   \" style='padding:20px; border-radius:0px; '><p><div style='padding-bottom:0px;' class='av-special-heading av-special-heading-h2  blockquote modern-quote modern-centered  '><h2 class='av-special-heading-tag '  itemprop=\"headline\"  >Contact<\/h2><div class ='av-subheading av-subheading_below  ' style='font-size:20px;'><p>Pour plus d\u2019infos, vous pouvez nous contacter par E-mail, WhatsApp ou LinkedIn. Nous essayons de trouver le bon produit selon vos besoins.<\/p>\n<\/div><div class='special-heading-border'><div class='special-heading-inner-border' ><\/div><\/div><\/div><br \/>\n<div style='height:50px' class='hr hr-invisible  '><span class='hr-inner ' ><span class='hr-inner-style'><\/span><\/span><\/div><br \/>\n<section class=\"av_textblock_section \"  itemscope=\"itemscope\" itemtype=\"https:\/\/schema.org\/CreativeWork\" ><div class='avia_textblock  '   itemprop=\"text\" ><div class=\"frm_forms  with_frm_style frm_style_formidable-style\" id=\"frm_form_2_container\" >\n<form enctype=\"multipart\/form-data\" method=\"post\" class=\"frm-show-form  frm_js_validate \" id=\"form_ssxug\"  >\n<div class=\"frm_form_fields \">\n<fieldset>\n<legend class=\"frm_hidden\">Contact<\/legend>\r\n\r\n<div class=\"frm_fields_container\">\n<input type=\"hidden\" name=\"frm_action\" value=\"create\" \/>\n<input type=\"hidden\" name=\"form_id\" value=\"2\" \/>\n<input type=\"hidden\" name=\"frm_hide_fields_2\" id=\"frm_hide_fields_2\" value=\"\" \/>\n<input type=\"hidden\" name=\"form_key\" value=\"ssxug\" \/>\n<input type=\"hidden\" name=\"item_meta[0]\" value=\"\" \/>\n<input type=\"hidden\" id=\"frm_submit_entry_2\" name=\"frm_submit_entry_2\" value=\"2c00949b4c\" \/><input type=\"hidden\" name=\"_wp_http_referer\" value=\"\/fr\/wp-json\/wp\/v2\/pages\/4304\" \/><div id=\"frm_field_8_container\" class=\"frm_form_field form-field  frm_required_field frm_top_container\">\r\n    <label for=\"field_y7bd5\" class=\"frm_primary_label\">Name\r\n        <span class=\"frm_required\">*<\/span>\r\n    <\/label>\r\n    <input type=\"text\" id=\"field_y7bd5\" name=\"item_meta[8]\" value=\"\"  data-reqmsg=\"This field can not be empty.\" aria-required=\"true\" data-invmsg=\"Name est non valide\" aria-invalid=\"false\"  \/>\r\n    \r\n    \r\n<\/div>\n<div id=\"frm_field_9_container\" class=\"frm_form_field form-field  frm_required_field frm_top_container frm_first frm_half\">\r\n    <label for=\"field_u5l04\" class=\"frm_primary_label\">E-Mail\r\n        <span class=\"frm_required\">*<\/span>\r\n    <\/label>\r\n    <input type=\"email\" id=\"field_u5l04\" name=\"item_meta[9]\" value=\"\"  data-reqmsg=\"This field can not be empty.\" aria-required=\"true\" data-invmsg=\"E-Mail is invalid\" aria-invalid=\"false\"  \/>\r\n    \r\n    \r\n<\/div>\n<div id=\"frm_field_11_container\" class=\"frm_form_field form-field  frm_top_container frm_half\">\r\n    <label for=\"field_wzmxk\" class=\"frm_primary_label\">Phone\r\n        <span class=\"frm_required\"><\/span>\r\n    <\/label>\r\n    <input type=\"text\" id=\"field_wzmxk\" name=\"item_meta[11]\" value=\"\"  data-invmsg=\"Phone est non valide\" aria-invalid=\"false\"  \/>\r\n    \r\n    \r\n<\/div>\n<div id=\"frm_field_71_container\" class=\"frm_form_field form-field  frm_top_container\">\r\n    <label for=\"field_b7igx\" class=\"frm_primary_label\">Company Name\r\n        <span class=\"frm_required\"><\/span>\r\n    <\/label>\r\n    <input type=\"text\" id=\"field_b7igx\" name=\"item_meta[71]\" value=\"\"  data-invmsg=\"Company Name est non valide\" aria-invalid=\"false\"  \/>\r\n    \r\n    \r\n<\/div>\n<div id=\"frm_field_70_container\" class=\"frm_form_field form-field  frm_top_container\">\r\n    <label for=\"field_s0vaa\" class=\"frm_primary_label\">Country\r\n        <span class=\"frm_required\"><\/span>\r\n    <\/label>\r\n    <input type=\"text\" id=\"field_s0vaa\" name=\"item_meta[70]\" value=\"\"  data-invmsg=\"Country est non valide\" aria-invalid=\"false\"  \/>\r\n    \r\n    \r\n<\/div>\n<div id=\"frm_field_10_container\" class=\"frm_form_field form-field  frm_required_field frm_top_container\">\r\n    <label for=\"field_ozi44\" class=\"frm_primary_label\">Your message\r\n        <span class=\"frm_required\">*<\/span>\r\n    <\/label>\r\n    <textarea name=\"item_meta[10]\" id=\"field_ozi44\" rows=\"5\"  data-reqmsg=\"This field can not be empty.\" aria-required=\"true\" data-invmsg=\"Your message est non valide\" aria-invalid=\"false\"  ><\/textarea>\r\n    \r\n    \r\n<\/div>\n<div id=\"frm_field_68_container\" class=\"frm_form_field form-field  frm_top_container\">\r\n    <label for=\"field_o118g\" class=\"frm_primary_label\">Website-Location\r\n        <span class=\"frm_required\"><\/span>\r\n    <\/label>\r\n    <input type=\"text\" id=\"field_o118g\" name=\"item_meta[68]\" value=\"[post_title] | [siteurl][server param=&quot;REQUEST_URI&quot;]\"  data-frmval=\"[post_title] | [siteurl][server param=&quot;REQUEST_URI&quot;]\" data-invmsg=\"Website-Location est non valide\" aria-invalid=\"false\"  \/>\r\n    \r\n    \r\n<\/div>\n<input type=\"hidden\" name=\"item_key\" value=\"\" \/>\n\t<div class=\"frm_verify\" >\n\t<label for=\"frm_email_2\">\n\t\tSi vous \u00eates un humain, ne remplissez pas ce champ.\t<\/label>\n\t<input type=\"email\" class=\"frm_verify\" id=\"frm_email_2\" name=\"frm_verify\" value=\"\"  \/>\n<\/div>\n\t\t<div class=\"frm_submit\">\r\n\r\n<button class=\"frm_button_submit\" type=\"submit\"  >Get A Quote<\/button>\r\n\r\n<\/div><\/div>\n<\/fieldset>\n<\/div>\n<\/form>\n<\/div>\n\n<\/div><\/section><\/p><\/div><\/div><!--close column table wrapper. Autoclose: 1 --><div class='flex_column_table av-equal-height-column-flextable -flextable' ><div class=\"flex_column av_one_fifth  av-hide-on-mobile  no_margin flex_column_table_cell av-equal-height-column av-align-top av-zero-column-padding   \" style='border-radius:0px; '><\/div><\/div><!--close column table wrapper. Autoclose: 1 --><\/div><\/div><\/div><!-- close content main div --><\/div><\/div><div id='after_section_6' class='main_color av_default_container_wrap container_wrap sidebar_right'   ><div class='container' ><div class='template-page content  av-content-small alpha units'><div class='post-entry post-entry-type-page post-entry-4304'><div class='entry-content-wrapper clearfix'><\/p>\n","protected":false},"excerpt":{"rendered":"","protected":false},"author":6,"featured_media":0,"parent":4411,"menu_order":107,"comment_status":"closed","ping_status":"closed","template":"","meta":[],"_links":{"self":[{"href":"https:\/\/ep-components.com\/fr\/wp-json\/wp\/v2\/pages\/4304"}],"collection":[{"href":"https:\/\/ep-components.com\/fr\/wp-json\/wp\/v2\/pages"}],"about":[{"href":"https:\/\/ep-components.com\/fr\/wp-json\/wp\/v2\/types\/page"}],"author":[{"embeddable":true,"href":"https:\/\/ep-components.com\/fr\/wp-json\/wp\/v2\/users\/6"}],"replies":[{"embeddable":true,"href":"https:\/\/ep-components.com\/fr\/wp-json\/wp\/v2\/comments?post=4304"}],"version-history":[{"count":3,"href":"https:\/\/ep-components.com\/fr\/wp-json\/wp\/v2\/pages\/4304\/revisions"}],"predecessor-version":[{"id":4548,"href":"https:\/\/ep-components.com\/fr\/wp-json\/wp\/v2\/pages\/4304\/revisions\/4548"}],"up":[{"embeddable":true,"href":"https:\/\/ep-components.com\/fr\/wp-json\/wp\/v2\/pages\/4411"}],"wp:attachment":[{"href":"https:\/\/ep-components.com\/fr\/wp-json\/wp\/v2\/media?parent=4304"}],"curies":[{"name":"wp","href":"https:\/\/api.w.org\/{rel}","templated":true}]}}